{"id":992552,"date":"2021-12-09T15:27:33","date_gmt":"2021-12-09T14:27:33","guid":{"rendered":"https:\/\/gabriel-meffre.fr\/cart\/"},"modified":"2023-06-12T15:06:14","modified_gmt":"2023-06-12T13:06:14","slug":"cart","status":"publish","type":"page","link":"https:\/\/gabriel-meffre.fr\/en\/cart\/","title":{"rendered":"Cart"},"content":{"rendered":"\t\t<div data-elementor-type=\"wp-page\" data-elementor-id=\"992552\" class=\"elementor elementor-992552 elementor-21194\" data-elementor-post-type=\"page\">\n\t\t\t\t\t\t<section class=\"elementor-section elementor-top-section elementor-element elementor-element-4a805ba elementor-section-boxed elementor-section-height-default elementor-section-height-default\" data-id=\"4a805ba\" data-element_type=\"section\" data-e-type=\"section\">\n\t\t\t\t\t\t<div class=\"elementor-container elementor-column-gap-no\">\n\t\t\t\t\t<div class=\"elementor-column elementor-col-100 elementor-top-column elementor-element elementor-element-3923bd8\" data-id=\"3923bd8\" data-element_type=\"column\" data-e-type=\"column\">\n\t\t\t<div class=\"elementor-widget-wrap elementor-element-populated\">\n\t\t\t\t\t\t<div class=\"elementor-element elementor-element-34118fe elementor-widget elementor-widget-woocommerce-notices\" data-id=\"34118fe\" data-element_type=\"widget\" data-e-type=\"widget\" data-widget_type=\"woocommerce-notices.default\">\n\t\t\t\t<div class=\"elementor-widget-container\">\n\t\t\t\t\t\t\t<style>\n\t\t\t.woocommerce-notices-wrapper,\n\t\t\t.woocommerce-message,\n\t\t\t.woocommerce-error,\n\t\t\t.woocommerce-info {\n\t\t\t\tdisplay: none;\n\t\t\t}\n\t\t<\/style>\n\t\t\t\t\t<div class=\"e-woocommerce-notices-wrapper e-woocommerce-notices-wrapper-loading\">\n\t\t\t\t<div class=\"woocommerce-notices-wrapper\"><\/div>\t\t\t<\/div>\n\t\t\t\t\t\t\t<\/div>\n\t\t\t\t<\/div>\n\t\t\t\t<div class=\"vamtam-has-theme-widget-styles elementor-element elementor-element-ff94675 elementor-widget elementor-widget-shortcode\" data-id=\"ff94675\" data-element_type=\"widget\" data-e-type=\"widget\" data-widget_type=\"shortcode.default\">\n\t\t\t\t<div class=\"elementor-widget-container\">\n\t\t\t\t\t\t\t<div class=\"elementor-shortcode\"><div class=\"woocommerce columns-3 breathalyzer\"><ul class=\"products vamtam-wc columns-3\">\n<li class=\"product type-product post-995205 status-publish first instock product_cat-accessories has-post-thumbnail taxable shipping-taxable purchasable product-type-simple\">\n\t<a href=\"https:\/\/gabriel-meffre.fr\/en\/product\/breathalyzer\/\" class=\"woocommerce-LoopProduct-link woocommerce-loop-product__link\"><img fetchpriority=\"high\" decoding=\"async\" width=\"420\" height=\"420\" src=\"https:\/\/gabriel-meffre.fr\/wp-content\/uploads\/2023\/05\/Ethylotest-420x420.png\" class=\"attachment-woocommerce_thumbnail size-woocommerce_thumbnail\" alt=\"Ethylotest\" srcset=\"https:\/\/gabriel-meffre.fr\/wp-content\/uploads\/2023\/05\/Ethylotest-420x420.png 420w, https:\/\/gabriel-meffre.fr\/wp-content\/uploads\/2023\/05\/Ethylotest-300x300.png 300w, https:\/\/gabriel-meffre.fr\/wp-content\/uploads\/2023\/05\/Ethylotest-150x150.png 150w, https:\/\/gabriel-meffre.fr\/wp-content\/uploads\/2023\/05\/Ethylotest-315x315.png 315w, https:\/\/gabriel-meffre.fr\/wp-content\/uploads\/2023\/05\/Ethylotest-64x64.png 64w, https:\/\/gabriel-meffre.fr\/wp-content\/uploads\/2023\/05\/Ethylotest.png 600w\" sizes=\"(max-width: 420px) 100vw, 420px\"><div class=\"product-icons-container\"><\/div><h2 class=\"woocommerce-loop-product__title\">Breathalyzer <span class=\"vintage the_title\"><\/span><\/h2><div class=\"subtitle\"><\/div>\r\n        \t<span class=\"price\"><span class=\"woocommerce-Price-amount amount\"><bdi>2,00&nbsp;<span class=\"woocommerce-Price-currencySymbol\">&euro;<\/span><\/bdi><\/span><span class=\"price-suffix\">the bottle<\/span><\/span>\r\n    \r\n<div class=\"bottom-line\"><a href=\"\/en\/wp-json\/wp\/v2\/pages\/992552?add-to-cart=995205\" data-quantity=\"1\" class=\"button product_type_simple add_to_cart_button ajax_add_to_cart\" data-product_id=\"995205\" data-product_sku=\"\" aria-label=\"Add to cart: &ldquo;Breathalyzer&rdquo;\" rel=\"nofollow\" data-success_message=\"&ldquo;Breathalyzer&rdquo; has been added to your cart\" role=\"button\">Add to cart<\/a><\/div><\/a><a href=\"\/en\/wp-json\/wp\/v2\/pages\/992552?add-to-cart=995205\" data-quantity=\"1\" class=\"button product_type_simple add_to_cart_button ajax_add_to_cart\" data-product_id=\"995205\" data-product_sku=\"\" aria-label=\"Add to cart: &ldquo;Breathalyzer&rdquo;\" rel=\"nofollow\" data-success_message=\"&ldquo;Breathalyzer&rdquo; has been added to your cart\" role=\"button\">Add to cart<\/a><\/li>\n<\/ul>\n<\/div><\/div>\n\t\t\t\t\t\t<\/div>\n\t\t\t\t<\/div>\n\t\t\t\t\t<\/div>\n\t\t<\/div>\n\t\t\t\t\t<\/div>\n\t\t<\/section>\n\t\t<div class=\"elementor-element elementor-element-20bb814 e-con-full reassurance-strip e-flex e-con e-parent\" data-id=\"20bb814\" data-element_type=\"container\" data-e-type=\"container\" data-settings='{\"background_background\":\"classic\"}'>\n\t\t<div class=\"elementor-element elementor-element-66daa098 e-con-full e-flex e-con e-parent\" data-id=\"66daa098\" data-element_type=\"container\" data-e-type=\"container\">\n\t\t\t\t<div class=\"elementor-element elementor-element-e10042b elementor-view-default elementor-widget elementor-widget-icon\" data-id=\"e10042b\" data-element_type=\"widget\" data-e-type=\"widget\" data-widget_type=\"icon.default\">\n\t\t\t\t<div class=\"elementor-widget-container\">\n\t\t\t\t\t\t\t<div class=\"elementor-icon-wrapper\">\n\t\t\t<div class=\"elementor-icon\">\n\t\t\t<i aria-hidden=\"true\" class=\"vamtamtheme- vamtam-theme-credit-locked\"><\/i>\t\t\t<\/div>\n\t\t<\/div>\n\t\t\t\t\t\t<\/div>\n\t\t\t\t<\/div>\n\t\t\t\t<div class=\"vamtam-has-theme-widget-styles elementor-element elementor-element-55c93511 elementor-widget elementor-widget-global elementor-global-994742 elementor-global-994733 elementor-widget-text-editor\" data-id=\"55c93511\" data-element_type=\"widget\" data-e-type=\"widget\" data-widget_type=\"text-editor.default\">\n\t\t\t\t<div class=\"elementor-widget-container\">\n\t\t\t\t\t\t\t\t\t<p>Secure payment<\/p>\t\t\t\t\t\t\t\t<\/div>\n\t\t\t\t<\/div>\n\t\t\t\t<\/div>\n\t\t<div class=\"elementor-element elementor-element-3d02f149 e-con-full e-flex e-con e-parent\" data-id=\"3d02f149\" data-element_type=\"container\" data-e-type=\"container\">\n\t\t\t\t<div class=\"elementor-element elementor-element-5e272d95 elementor-view-default elementor-widget elementor-widget-icon\" data-id=\"5e272d95\" data-element_type=\"widget\" data-e-type=\"widget\" data-widget_type=\"icon.default\">\n\t\t\t\t<div class=\"elementor-widget-container\">\n\t\t\t\t\t\t\t<div class=\"elementor-icon-wrapper\">\n\t\t\t<div class=\"elementor-icon\">\n\t\t\t<i aria-hidden=\"true\" class=\"vamtamtheme- vamtam-theme-phone\"><\/i>\t\t\t<\/div>\n\t\t<\/div>\n\t\t\t\t\t\t<\/div>\n\t\t\t\t<\/div>\n\t\t\t\t<div class=\"vamtam-has-theme-widget-styles elementor-element elementor-element-74144ab4 elementor-widget elementor-widget-global elementor-global-994739 elementor-global-994736 elementor-widget-text-editor\" data-id=\"74144ab4\" data-element_type=\"widget\" data-e-type=\"widget\" data-widget_type=\"text-editor.default\">\n\t\t\t\t<div class=\"elementor-widget-container\">\n\t\t\t\t\t\t\t\t\t<p>Customer service at your disposal at <a href=\"tel:+33490123021\">04 90 12 30 21<\/a><\/p>\t\t\t\t\t\t\t\t<\/div>\n\t\t\t\t<\/div>\n\t\t\t\t<\/div>\n\t\t\t\t<\/div>\n\t\t\t\t<\/div>\n\t\t","protected":false},"excerpt":{"rendered":"<p>Votre panier &nbsp; Produit Quantit\u00e9 Prix Sous-total &nbsp; Debug Poids total du panier : 12 kg Gigondas Sainte Catherine 2019 &#8211;&nbsp;75clAOP Gigondas &#8211; Red &#8211; 15% vol. quantit\u00e9 de Gigondas Sainte Catherine 25,00&nbsp;&euro; 300,00&nbsp;&euro; Apply Totals Sous-total 300,00&nbsp;&euro; Exp\u00e9dition Transport Offert Livraison \u00e0\u00a0: 6 Avenue Poincar\u00e9, 68000 COLMAR Modifier l\u2019adresse Pays\/r\u00e9gion\u00a0: S\u00e9lectionner un pays\/r\u00e9gion\u2026FranceMonaco Ville\u00a0:&#8230;<\/p>\n","protected":false},"author":2,"featured_media":0,"parent":0,"menu_order":0,"comment_status":"closed","ping_status":"closed","template":"","meta":{"_acf_changed":false,"footnotes":""},"class_list":["post-992552","page","type-page","status-publish","hentry"],"acf":[],"yoast_head":"<!-- This site is optimized with the Yoast SEO plugin v27.2 - https:\/\/yoast.com\/product\/yoast-seo-wordpress\/ -->\n<title>Cart - Gabriel Meffre<\/title>\n<meta name=\"robots\" content=\"noindex, follow\" \/>\n<meta property=\"og:locale\" content=\"en_US\" \/>\n<meta property=\"og:type\" content=\"article\" \/>\n<meta property=\"og:title\" content=\"Cart - Gabriel Meffre\" \/>\n<meta property=\"og:description\" content=\"Votre panier &nbsp; Produit Quantit\u00e9 Prix Sous-total &nbsp; Debug Poids total du panier : 12 kg Gigondas Sainte Catherine 2019 &#8211;&nbsp;75clAOP Gigondas &#8211; Red &#8211; 15% vol. quantit\u00e9 de Gigondas Sainte Catherine 25,00&nbsp;&euro; 300,00&nbsp;&euro; Apply Totals Sous-total 300,00&nbsp;&euro; Exp\u00e9dition Transport Offert Livraison \u00e0\u00a0: 6 Avenue Poincar\u00e9, 68000 COLMAR Modifier l\u2019adresse Pays\/r\u00e9gion\u00a0: S\u00e9lectionner un pays\/r\u00e9gion\u2026FranceMonaco Ville\u00a0:...\" \/>\n<meta property=\"og:url\" content=\"https:\/\/gabriel-meffre.fr\/en\/cart\/\" \/>\n<meta property=\"og:site_name\" content=\"Gabriel Meffre\" \/>\n<meta property=\"article:publisher\" content=\"https:\/\/www.facebook.com\/gabrielmeffre.gigondas\" \/>\n<meta property=\"article:modified_time\" content=\"2023-06-12T13:06:14+00:00\" \/>\n<meta property=\"og:image\" content=\"https:\/\/gabriel-meffre.fr\/wp-content\/uploads\/2023\/04\/sainte-catherine-gigondas-rouge-gabriel-meffre-150x150.png\" \/>\n<meta name=\"twitter:card\" content=\"summary_large_image\" \/>\n<meta name=\"twitter:site\" content=\"@gabrielmeffre\" \/>\n<meta name=\"twitter:label1\" content=\"Est. reading time\" \/>\n\t<meta name=\"twitter:data1\" content=\"1 minute\" \/>\n<script type=\"application\/ld+json\" class=\"yoast-schema-graph\">{\"@context\":\"https:\/\/schema.org\",\"@graph\":[{\"@type\":\"WebPage\",\"@id\":\"https:\/\/gabriel-meffre.fr\/en\/cart\/\",\"url\":\"https:\/\/gabriel-meffre.fr\/en\/cart\/\",\"name\":\"Cart - Gabriel Meffre\",\"isPartOf\":{\"@id\":\"https:\/\/gabriel-meffre.fr\/en\/#website\"},\"primaryImageOfPage\":{\"@id\":\"https:\/\/gabriel-meffre.fr\/en\/cart\/#primaryimage\"},\"image\":{\"@id\":\"https:\/\/gabriel-meffre.fr\/en\/cart\/#primaryimage\"},\"thumbnailUrl\":\"https:\/\/gabriel-meffre.fr\/wp-content\/uploads\/2023\/04\/sainte-catherine-gigondas-rouge-gabriel-meffre-150x150.png\",\"datePublished\":\"2021-12-09T14:27:33+00:00\",\"dateModified\":\"2023-06-12T13:06:14+00:00\",\"breadcrumb\":{\"@id\":\"https:\/\/gabriel-meffre.fr\/en\/cart\/#breadcrumb\"},\"inLanguage\":\"en-US\",\"potentialAction\":[{\"@type\":\"ReadAction\",\"target\":[\"https:\/\/gabriel-meffre.fr\/en\/cart\/\"]}]},{\"@type\":\"ImageObject\",\"inLanguage\":\"en-US\",\"@id\":\"https:\/\/gabriel-meffre.fr\/en\/cart\/#primaryimage\",\"url\":\"https:\/\/gabriel-meffre.fr\/wp-content\/uploads\/2023\/04\/sainte-catherine-gigondas-rouge-gabriel-meffre-150x150.png\",\"contentUrl\":\"https:\/\/gabriel-meffre.fr\/wp-content\/uploads\/2023\/04\/sainte-catherine-gigondas-rouge-gabriel-meffre-150x150.png\"},{\"@type\":\"BreadcrumbList\",\"@id\":\"https:\/\/gabriel-meffre.fr\/en\/cart\/#breadcrumb\",\"itemListElement\":[{\"@type\":\"ListItem\",\"position\":1,\"name\":\"Home\",\"item\":\"https:\/\/gabriel-meffre.fr\/en\/\"},{\"@type\":\"ListItem\",\"position\":2,\"name\":\"Cart\"}]},{\"@type\":\"WebSite\",\"@id\":\"https:\/\/gabriel-meffre.fr\/en\/#website\",\"url\":\"https:\/\/gabriel-meffre.fr\/en\/\",\"name\":\"Gabriel Meffre\",\"description\":\"\",\"publisher\":{\"@id\":\"https:\/\/gabriel-meffre.fr\/en\/#organization\"},\"potentialAction\":[{\"@type\":\"SearchAction\",\"target\":{\"@type\":\"EntryPoint\",\"urlTemplate\":\"https:\/\/gabriel-meffre.fr\/en\/?s={search_term_string}\"},\"query-input\":{\"@type\":\"PropertyValueSpecification\",\"valueRequired\":true,\"valueName\":\"search_term_string\"}}],\"inLanguage\":\"en-US\"},{\"@type\":\"Organization\",\"@id\":\"https:\/\/gabriel-meffre.fr\/en\/#organization\",\"name\":\"Gabriel Meffre\",\"url\":\"https:\/\/gabriel-meffre.fr\/en\/\",\"logo\":{\"@type\":\"ImageObject\",\"inLanguage\":\"en-US\",\"@id\":\"https:\/\/gabriel-meffre.fr\/en\/#\/schema\/logo\/image\/\",\"url\":\"https:\/\/gabriel-meffre.fr\/wp-content\/uploads\/2021\/12\/logo-gabriel-meffre-noir.png\",\"contentUrl\":\"https:\/\/gabriel-meffre.fr\/wp-content\/uploads\/2021\/12\/logo-gabriel-meffre-noir.png\",\"width\":500,\"height\":500,\"caption\":\"Gabriel Meffre\"},\"image\":{\"@id\":\"https:\/\/gabriel-meffre.fr\/en\/#\/schema\/logo\/image\/\"},\"sameAs\":[\"https:\/\/www.facebook.com\/gabrielmeffre.gigondas\",\"https:\/\/x.com\/gabrielmeffre\",\"https:\/\/www.instagram.com\/gabrielmeffre\",\"https:\/\/www.youtube.com\/channel\/UCk6fvyTy41mZSMV0cdOZSlg\"]}]}<\/script>\n<!-- \/ Yoast SEO plugin. -->","yoast_head_json":{"title":"Cart - Gabriel Meffre","robots":{"index":"noindex","follow":"follow"},"og_locale":"en_US","og_type":"article","og_title":"Cart - Gabriel Meffre","og_description":"Votre panier &nbsp; Produit Quantit\u00e9 Prix Sous-total &nbsp; Debug Poids total du panier : 12 kg Gigondas Sainte Catherine 2019 &#8211;&nbsp;75clAOP Gigondas &#8211; Red &#8211; 15% vol. quantit\u00e9 de Gigondas Sainte Catherine 25,00&nbsp;&euro; 300,00&nbsp;&euro; Apply Totals Sous-total 300,00&nbsp;&euro; Exp\u00e9dition Transport Offert Livraison \u00e0\u00a0: 6 Avenue Poincar\u00e9, 68000 COLMAR Modifier l\u2019adresse Pays\/r\u00e9gion\u00a0: S\u00e9lectionner un pays\/r\u00e9gion\u2026FranceMonaco Ville\u00a0:...","og_url":"https:\/\/gabriel-meffre.fr\/en\/cart\/","og_site_name":"Gabriel Meffre","article_publisher":"https:\/\/www.facebook.com\/gabrielmeffre.gigondas","article_modified_time":"2023-06-12T13:06:14+00:00","og_image":[{"url":"https:\/\/gabriel-meffre.fr\/wp-content\/uploads\/2023\/04\/sainte-catherine-gigondas-rouge-gabriel-meffre-150x150.png","type":"","width":"","height":""}],"twitter_card":"summary_large_image","twitter_site":"@gabrielmeffre","twitter_misc":{"Est. reading time":"1 minute"},"schema":{"@context":"https:\/\/schema.org","@graph":[{"@type":"WebPage","@id":"https:\/\/gabriel-meffre.fr\/en\/cart\/","url":"https:\/\/gabriel-meffre.fr\/en\/cart\/","name":"Cart - Gabriel Meffre","isPartOf":{"@id":"https:\/\/gabriel-meffre.fr\/en\/#website"},"primaryImageOfPage":{"@id":"https:\/\/gabriel-meffre.fr\/en\/cart\/#primaryimage"},"image":{"@id":"https:\/\/gabriel-meffre.fr\/en\/cart\/#primaryimage"},"thumbnailUrl":"https:\/\/gabriel-meffre.fr\/wp-content\/uploads\/2023\/04\/sainte-catherine-gigondas-rouge-gabriel-meffre-150x150.png","datePublished":"2021-12-09T14:27:33+00:00","dateModified":"2023-06-12T13:06:14+00:00","breadcrumb":{"@id":"https:\/\/gabriel-meffre.fr\/en\/cart\/#breadcrumb"},"inLanguage":"en-US","potentialAction":[{"@type":"ReadAction","target":["https:\/\/gabriel-meffre.fr\/en\/cart\/"]}]},{"@type":"ImageObject","inLanguage":"en-US","@id":"https:\/\/gabriel-meffre.fr\/en\/cart\/#primaryimage","url":"https:\/\/gabriel-meffre.fr\/wp-content\/uploads\/2023\/04\/sainte-catherine-gigondas-rouge-gabriel-meffre-150x150.png","contentUrl":"https:\/\/gabriel-meffre.fr\/wp-content\/uploads\/2023\/04\/sainte-catherine-gigondas-rouge-gabriel-meffre-150x150.png"},{"@type":"BreadcrumbList","@id":"https:\/\/gabriel-meffre.fr\/en\/cart\/#breadcrumb","itemListElement":[{"@type":"ListItem","position":1,"name":"Home","item":"https:\/\/gabriel-meffre.fr\/en\/"},{"@type":"ListItem","position":2,"name":"Cart"}]},{"@type":"WebSite","@id":"https:\/\/gabriel-meffre.fr\/en\/#website","url":"https:\/\/gabriel-meffre.fr\/en\/","name":"Gabriel Meffre","description":"","publisher":{"@id":"https:\/\/gabriel-meffre.fr\/en\/#organization"},"potentialAction":[{"@type":"SearchAction","target":{"@type":"EntryPoint","urlTemplate":"https:\/\/gabriel-meffre.fr\/en\/?s={search_term_string}"},"query-input":{"@type":"PropertyValueSpecification","valueRequired":true,"valueName":"search_term_string"}}],"inLanguage":"en-US"},{"@type":"Organization","@id":"https:\/\/gabriel-meffre.fr\/en\/#organization","name":"Gabriel Meffre","url":"https:\/\/gabriel-meffre.fr\/en\/","logo":{"@type":"ImageObject","inLanguage":"en-US","@id":"https:\/\/gabriel-meffre.fr\/en\/#\/schema\/logo\/image\/","url":"https:\/\/gabriel-meffre.fr\/wp-content\/uploads\/2021\/12\/logo-gabriel-meffre-noir.png","contentUrl":"https:\/\/gabriel-meffre.fr\/wp-content\/uploads\/2021\/12\/logo-gabriel-meffre-noir.png","width":500,"height":500,"caption":"Gabriel Meffre"},"image":{"@id":"https:\/\/gabriel-meffre.fr\/en\/#\/schema\/logo\/image\/"},"sameAs":["https:\/\/www.facebook.com\/gabrielmeffre.gigondas","https:\/\/x.com\/gabrielmeffre","https:\/\/www.instagram.com\/gabrielmeffre","https:\/\/www.youtube.com\/channel\/UCk6fvyTy41mZSMV0cdOZSlg"]}]}},"_links":{"self":[{"href":"https:\/\/gabriel-meffre.fr\/en\/wp-json\/wp\/v2\/pages\/992552","targetHints":{"allow":["GET"]}}],"collection":[{"href":"https:\/\/gabriel-meffre.fr\/en\/wp-json\/wp\/v2\/pages"}],"about":[{"href":"https:\/\/gabriel-meffre.fr\/en\/wp-json\/wp\/v2\/types\/page"}],"author":[{"embeddable":true,"href":"https:\/\/gabriel-meffre.fr\/en\/wp-json\/wp\/v2\/users\/2"}],"replies":[{"embeddable":true,"href":"https:\/\/gabriel-meffre.fr\/en\/wp-json\/wp\/v2\/comments?post=992552"}],"version-history":[{"count":9,"href":"https:\/\/gabriel-meffre.fr\/en\/wp-json\/wp\/v2\/pages\/992552\/revisions"}],"predecessor-version":[{"id":995920,"href":"https:\/\/gabriel-meffre.fr\/en\/wp-json\/wp\/v2\/pages\/992552\/revisions\/995920"}],"wp:attachment":[{"href":"https:\/\/gabriel-meffre.fr\/en\/wp-json\/wp\/v2\/media?parent=992552"}],"curies":[{"name":"wp","href":"https:\/\/api.w.org\/{rel}","templated":true}]}}