{"id":992554,"date":"2021-12-09T15:27:33","date_gmt":"2021-12-09T14:27:33","guid":{"rendered":"https:\/\/gabriel-meffre.fr\/my-account\/"},"modified":"2023-05-15T12:33:12","modified_gmt":"2023-05-15T10:33:12","slug":"my-account","status":"publish","type":"page","link":"https:\/\/gabriel-meffre.fr\/en\/my-account\/","title":{"rendered":"My Account"},"content":{"rendered":"\t\t<div data-elementor-type=\"wp-page\" data-elementor-id=\"992554\" class=\"elementor elementor-992554 elementor-9\" data-elementor-post-type=\"page\">\n\t\t\t\t\t\t<section class=\"elementor-section elementor-top-section elementor-element elementor-element-1a478dc elementor-section-boxed elementor-section-height-default elementor-section-height-default elementor-invisible\" data-id=\"1a478dc\" data-element_type=\"section\" data-e-type=\"section\" data-settings='{\"animation\":\"fadeIn\"}'>\n\t\t\t\t\t\t<div class=\"elementor-container elementor-column-gap-default\">\n\t\t\t\t\t<div class=\"elementor-column elementor-col-100 elementor-top-column elementor-element elementor-element-20b0998\" data-id=\"20b0998\" data-element_type=\"column\" data-e-type=\"column\">\n\t\t\t<div class=\"elementor-widget-wrap elementor-element-populated\">\n\t\t\t\t\t\t<div class=\"elementor-element elementor-element-3539c82 elementor-widget elementor-widget-heading\" data-id=\"3539c82\" data-element_type=\"widget\" data-e-type=\"widget\" data-widget_type=\"heading.default\">\n\t\t\t\t<div class=\"elementor-widget-container\">\n\t\t\t\t\t<h1 class=\"elementor-heading-title elementor-size-default\">Mon compte<\/h1>\t\t\t\t<\/div>\n\t\t\t\t<\/div>\n\t\t\t\t\t<\/div>\n\t\t<\/div>\n\t\t\t\t\t<\/div>\n\t\t<\/section>\n\t\t\t\t<section class=\"elementor-section elementor-top-section elementor-element elementor-element-2e23afbc elementor-section-boxed elementor-section-height-default elementor-section-height-default\" data-id=\"2e23afbc\" data-element_type=\"section\" data-e-type=\"section\">\n\t\t\t\t\t\t<div class=\"elementor-container elementor-column-gap-no\">\n\t\t\t\t\t<div class=\"elementor-column elementor-col-100 elementor-top-column elementor-element elementor-element-624b946a\" data-id=\"624b946a\" data-element_type=\"column\" data-e-type=\"column\">\n\t\t\t<div class=\"elementor-widget-wrap elementor-element-populated\">\n\t\t\t\t\t\t<div class=\"vamtam-has-theme-widget-styles elementor-element elementor-element-20e7cb3 e-my-account-tabs-horizontal elementor-widget elementor-widget-woocommerce-my-account\" data-id=\"20e7cb3\" data-element_type=\"widget\" data-e-type=\"widget\" data-widget_type=\"woocommerce-my-account.default\">\n\t\t\t\t<div class=\"elementor-widget-container\">\n\t\t\t\t\t<div class=\"e-my-account-tab e-my-account-tab__ \">\t\t\t<div class=\"woocommerce\"><\/div>\t\t<\/div>\n\t\t\t\t\t\t<\/div>\n\t\t\t\t<\/div>\n\t\t\t\t\t<\/div>\n\t\t<\/div>\n\t\t\t\t\t<\/div>\n\t\t<\/section>\n\t\t\t\t<\/div>\n\t\t","protected":false},"excerpt":{"rendered":"<p>Mon compte Tableau de bord Commandes T\u00e9l\u00e9chargements Adresses D\u00e9tails du compte D\u00e9connexion Tableau de bord Commandes T\u00e9l\u00e9chargements Adresses D\u00e9tails du compte D\u00e9connexion Tableau de bord Commandes T\u00e9l\u00e9chargements Adresses D\u00e9tails du compte D\u00e9connexion Tableau de bord Commandes T\u00e9l\u00e9chargements Adresses D\u00e9tails du compte D\u00e9connexion Bonjour Fabian Mutschler (vous n\u2019\u00eates pas Fabian Mutschler\u00a0? D\u00e9connexion) \u00c0 partir du tableau&#8230;<\/p>\n","protected":false},"author":2,"featured_media":0,"parent":0,"menu_order":0,"comment_status":"closed","ping_status":"closed","template":"","meta":{"_acf_changed":false,"footnotes":""},"class_list":["post-992554","page","type-page","status-publish","hentry"],"acf":[],"yoast_head":"<!-- This site is optimized with the Yoast SEO plugin v27.2 - https:\/\/yoast.com\/product\/yoast-seo-wordpress\/ -->\n<title>My Account - Gabriel Meffre<\/title>\n<meta name=\"robots\" content=\"noindex, follow\" \/>\n<meta property=\"og:locale\" content=\"en_US\" \/>\n<meta property=\"og:type\" content=\"article\" \/>\n<meta property=\"og:title\" content=\"My Account - Gabriel Meffre\" \/>\n<meta property=\"og:description\" content=\"Facebook\" \/>\n<meta property=\"og:url\" content=\"https:\/\/gabriel-meffre.fr\/en\/my-account\/\" \/>\n<meta property=\"og:site_name\" content=\"Gabriel Meffre\" \/>\n<meta property=\"article:publisher\" content=\"https:\/\/www.facebook.com\/gabrielmeffre.gigondas\" \/>\n<meta property=\"article:modified_time\" content=\"2023-05-15T10:33:12+00:00\" \/>\n<meta name=\"twitter:card\" content=\"summary_large_image\" \/>\n<meta name=\"twitter:description\" content=\"Twitter\" \/>\n<meta name=\"twitter:site\" content=\"@gabrielmeffre\" \/>\n<meta name=\"twitter:label1\" content=\"Est. reading time\" \/>\n\t<meta name=\"twitter:data1\" content=\"1 minute\" \/>\n<script type=\"application\/ld+json\" class=\"yoast-schema-graph\">{\"@context\":\"https:\/\/schema.org\",\"@graph\":[{\"@type\":\"WebPage\",\"@id\":\"https:\/\/gabriel-meffre.fr\/en\/my-account\/\",\"url\":\"https:\/\/gabriel-meffre.fr\/en\/my-account\/\",\"name\":\"My Account - Gabriel Meffre\",\"isPartOf\":{\"@id\":\"https:\/\/gabriel-meffre.fr\/en\/#website\"},\"datePublished\":\"2021-12-09T14:27:33+00:00\",\"dateModified\":\"2023-05-15T10:33:12+00:00\",\"breadcrumb\":{\"@id\":\"https:\/\/gabriel-meffre.fr\/en\/my-account\/#breadcrumb\"},\"inLanguage\":\"en-US\",\"potentialAction\":[{\"@type\":\"ReadAction\",\"target\":[\"https:\/\/gabriel-meffre.fr\/en\/my-account\/\"]}]},{\"@type\":\"BreadcrumbList\",\"@id\":\"https:\/\/gabriel-meffre.fr\/en\/my-account\/#breadcrumb\",\"itemListElement\":[{\"@type\":\"ListItem\",\"position\":1,\"name\":\"Home\",\"item\":\"https:\/\/gabriel-meffre.fr\/en\/\"},{\"@type\":\"ListItem\",\"position\":2,\"name\":\"My Account\"}]},{\"@type\":\"WebSite\",\"@id\":\"https:\/\/gabriel-meffre.fr\/en\/#website\",\"url\":\"https:\/\/gabriel-meffre.fr\/en\/\",\"name\":\"Gabriel Meffre\",\"description\":\"\",\"publisher\":{\"@id\":\"https:\/\/gabriel-meffre.fr\/en\/#organization\"},\"potentialAction\":[{\"@type\":\"SearchAction\",\"target\":{\"@type\":\"EntryPoint\",\"urlTemplate\":\"https:\/\/gabriel-meffre.fr\/en\/?s={search_term_string}\"},\"query-input\":{\"@type\":\"PropertyValueSpecification\",\"valueRequired\":true,\"valueName\":\"search_term_string\"}}],\"inLanguage\":\"en-US\"},{\"@type\":\"Organization\",\"@id\":\"https:\/\/gabriel-meffre.fr\/en\/#organization\",\"name\":\"Gabriel Meffre\",\"url\":\"https:\/\/gabriel-meffre.fr\/en\/\",\"logo\":{\"@type\":\"ImageObject\",\"inLanguage\":\"en-US\",\"@id\":\"https:\/\/gabriel-meffre.fr\/en\/#\/schema\/logo\/image\/\",\"url\":\"https:\/\/gabriel-meffre.fr\/wp-content\/uploads\/2021\/12\/logo-gabriel-meffre-noir.png\",\"contentUrl\":\"https:\/\/gabriel-meffre.fr\/wp-content\/uploads\/2021\/12\/logo-gabriel-meffre-noir.png\",\"width\":500,\"height\":500,\"caption\":\"Gabriel Meffre\"},\"image\":{\"@id\":\"https:\/\/gabriel-meffre.fr\/en\/#\/schema\/logo\/image\/\"},\"sameAs\":[\"https:\/\/www.facebook.com\/gabrielmeffre.gigondas\",\"https:\/\/x.com\/gabrielmeffre\",\"https:\/\/www.instagram.com\/gabrielmeffre\",\"https:\/\/www.youtube.com\/channel\/UCk6fvyTy41mZSMV0cdOZSlg\"]}]}<\/script>\n<!-- \/ Yoast SEO plugin. -->","yoast_head_json":{"title":"My Account - Gabriel Meffre","robots":{"index":"noindex","follow":"follow"},"og_locale":"en_US","og_type":"article","og_title":"My Account - Gabriel Meffre","og_description":"Facebook","og_url":"https:\/\/gabriel-meffre.fr\/en\/my-account\/","og_site_name":"Gabriel Meffre","article_publisher":"https:\/\/www.facebook.com\/gabrielmeffre.gigondas","article_modified_time":"2023-05-15T10:33:12+00:00","twitter_card":"summary_large_image","twitter_description":"Twitter","twitter_site":"@gabrielmeffre","twitter_misc":{"Est. reading time":"1 minute"},"schema":{"@context":"https:\/\/schema.org","@graph":[{"@type":"WebPage","@id":"https:\/\/gabriel-meffre.fr\/en\/my-account\/","url":"https:\/\/gabriel-meffre.fr\/en\/my-account\/","name":"My Account - Gabriel Meffre","isPartOf":{"@id":"https:\/\/gabriel-meffre.fr\/en\/#website"},"datePublished":"2021-12-09T14:27:33+00:00","dateModified":"2023-05-15T10:33:12+00:00","breadcrumb":{"@id":"https:\/\/gabriel-meffre.fr\/en\/my-account\/#breadcrumb"},"inLanguage":"en-US","potentialAction":[{"@type":"ReadAction","target":["https:\/\/gabriel-meffre.fr\/en\/my-account\/"]}]},{"@type":"BreadcrumbList","@id":"https:\/\/gabriel-meffre.fr\/en\/my-account\/#breadcrumb","itemListElement":[{"@type":"ListItem","position":1,"name":"Home","item":"https:\/\/gabriel-meffre.fr\/en\/"},{"@type":"ListItem","position":2,"name":"My Account"}]},{"@type":"WebSite","@id":"https:\/\/gabriel-meffre.fr\/en\/#website","url":"https:\/\/gabriel-meffre.fr\/en\/","name":"Gabriel Meffre","description":"","publisher":{"@id":"https:\/\/gabriel-meffre.fr\/en\/#organization"},"potentialAction":[{"@type":"SearchAction","target":{"@type":"EntryPoint","urlTemplate":"https:\/\/gabriel-meffre.fr\/en\/?s={search_term_string}"},"query-input":{"@type":"PropertyValueSpecification","valueRequired":true,"valueName":"search_term_string"}}],"inLanguage":"en-US"},{"@type":"Organization","@id":"https:\/\/gabriel-meffre.fr\/en\/#organization","name":"Gabriel Meffre","url":"https:\/\/gabriel-meffre.fr\/en\/","logo":{"@type":"ImageObject","inLanguage":"en-US","@id":"https:\/\/gabriel-meffre.fr\/en\/#\/schema\/logo\/image\/","url":"https:\/\/gabriel-meffre.fr\/wp-content\/uploads\/2021\/12\/logo-gabriel-meffre-noir.png","contentUrl":"https:\/\/gabriel-meffre.fr\/wp-content\/uploads\/2021\/12\/logo-gabriel-meffre-noir.png","width":500,"height":500,"caption":"Gabriel Meffre"},"image":{"@id":"https:\/\/gabriel-meffre.fr\/en\/#\/schema\/logo\/image\/"},"sameAs":["https:\/\/www.facebook.com\/gabrielmeffre.gigondas","https:\/\/x.com\/gabrielmeffre","https:\/\/www.instagram.com\/gabrielmeffre","https:\/\/www.youtube.com\/channel\/UCk6fvyTy41mZSMV0cdOZSlg"]}]}},"_links":{"self":[{"href":"https:\/\/gabriel-meffre.fr\/en\/wp-json\/wp\/v2\/pages\/992554","targetHints":{"allow":["GET"]}}],"collection":[{"href":"https:\/\/gabriel-meffre.fr\/en\/wp-json\/wp\/v2\/pages"}],"about":[{"href":"https:\/\/gabriel-meffre.fr\/en\/wp-json\/wp\/v2\/types\/page"}],"author":[{"embeddable":true,"href":"https:\/\/gabriel-meffre.fr\/en\/wp-json\/wp\/v2\/users\/2"}],"replies":[{"embeddable":true,"href":"https:\/\/gabriel-meffre.fr\/en\/wp-json\/wp\/v2\/comments?post=992554"}],"version-history":[{"count":1,"href":"https:\/\/gabriel-meffre.fr\/en\/wp-json\/wp\/v2\/pages\/992554\/revisions"}],"predecessor-version":[{"id":995236,"href":"https:\/\/gabriel-meffre.fr\/en\/wp-json\/wp\/v2\/pages\/992554\/revisions\/995236"}],"wp:attachment":[{"href":"https:\/\/gabriel-meffre.fr\/en\/wp-json\/wp\/v2\/media?parent=992554"}],"curies":[{"name":"wp","href":"https:\/\/api.w.org\/{rel}","templated":true}]}}