{"id":993745,"date":"2022-12-14T17:42:35","date_gmt":"2022-12-14T16:42:35","guid":{"rendered":"https:\/\/gabriel-meffre.fr\/?page_id=993745"},"modified":"2023-06-05T11:26:45","modified_gmt":"2023-06-05T09:26:45","slug":"events","status":"publish","type":"page","link":"https:\/\/gabriel-meffre.fr\/en\/events\/","title":{"rendered":"Events"},"content":{"rendered":"\t\t<div data-elementor-type=\"wp-page\" data-elementor-id=\"993745\" class=\"elementor elementor-993745 elementor-988399\" data-elementor-post-type=\"page\">\n\t\t\t\t<div class=\"elementor-element elementor-element-b2da873 e-flex e-con-boxed e-con e-parent\" data-id=\"b2da873\" data-element_type=\"container\" data-e-type=\"container\" data-settings='{\"background_background\":\"classic\"}'>\n\t\t\t\t\t<div class=\"e-con-inner\">\n\t\t\t\t\t<\/div>\n\t\t\t\t<\/div>\n\t\t\t\t<section class=\"elementor-section elementor-top-section elementor-element elementor-element-34ddf2a4 elementor-section-boxed elementor-section-height-default elementor-section-height-default elementor-invisible\" data-id=\"34ddf2a4\" data-element_type=\"section\" data-e-type=\"section\" data-settings='{\"animation\":\"fadeIn\"}'>\n\t\t\t\t\t\t<div class=\"elementor-container elementor-column-gap-default\">\n\t\t\t\t\t<div class=\"elementor-column elementor-col-100 elementor-top-column elementor-element elementor-element-797cc20c\" data-id=\"797cc20c\" data-element_type=\"column\" data-e-type=\"column\">\n\t\t\t<div class=\"elementor-widget-wrap elementor-element-populated\">\n\t\t\t\t\t\t<div class=\"elementor-element elementor-element-4c13d4f e-transform elementor-widget__width-auto elementor-hidden-mobile elementor-widget-divider--view-line elementor-widget elementor-widget-divider\" data-id=\"4c13d4f\" data-element_type=\"widget\" data-e-type=\"widget\" data-settings='{\"_transform_rotateZ_effect\":{\"unit\":\"px\",\"size\":-90,\"sizes\":[]},\"_transform_rotateZ_effect_tablet\":{\"unit\":\"deg\",\"size\":\"\",\"sizes\":[]},\"_transform_rotateZ_effect_mobile\":{\"unit\":\"deg\",\"size\":\"\",\"sizes\":[]}}' data-widget_type=\"divider.default\">\n\t\t\t\t<div class=\"elementor-widget-container\">\n\t\t\t\t\t\t\t<div class=\"elementor-divider\">\n\t\t\t<span class=\"elementor-divider-separator\">\n\t\t\t\t\t\t<\/span>\n\t\t<\/div>\n\t\t\t\t\t\t<\/div>\n\t\t\t\t<\/div>\n\t\t\t\t\t<\/div>\n\t\t<\/div>\n\t\t\t\t\t<\/div>\n\t\t<\/section>\n\t\t<div class=\"elementor-element elementor-element-45ba71d4 e-con-full gm-txt-image-fullswidth e-flex elementor-invisible e-con e-parent\" data-id=\"45ba71d4\" data-element_type=\"container\" data-e-type=\"container\" data-settings='{\"animation\":\"fadeIn\"}'>\n\t\t<div class=\"elementor-element elementor-element-6ea77bad e-con-full e-flex e-con e-parent\" data-id=\"6ea77bad\" data-element_type=\"container\" data-e-type=\"container\" data-settings='{\"background_background\":\"classic\"}'>\n\t\t<div class=\"elementor-element elementor-element-37747f68 txt-container-inner e-flex e-con-boxed e-con e-parent\" data-id=\"37747f68\" data-element_type=\"container\" data-e-type=\"container\">\n\t\t\t\t\t<div class=\"e-con-inner\">\n\t\t\t\t<div class=\"elementor-element elementor-element-7638f8 elementor-widget elementor-widget-heading\" data-id=\"7638f8\" data-element_type=\"widget\" data-e-type=\"widget\" data-widget_type=\"heading.default\">\n\t\t\t\t<div class=\"elementor-widget-container\">\n\t\t\t\t\t<h2 class=\"elementor-heading-title elementor-size-default\">Currently<\/h2>\t\t\t\t<\/div>\n\t\t\t\t<\/div>\n\t\t\t\t<div class=\"vamtam-has-theme-widget-styles elementor-element elementor-element-661279ad elementor-widget elementor-widget-text-editor\" data-id=\"661279ad\" data-element_type=\"widget\" data-e-type=\"widget\" data-widget_type=\"text-editor.default\">\n\t\t\t\t<div class=\"elementor-widget-container\">\n\t\t\t\t\t\t\t\t\t<p><strong>Photo exhibition :<\/strong> &ldquo;Regards sur la vigne&rdquo; by Jasper van Berkel &ndash; free access.<\/p><p><strong>The Nature Trail<\/strong><br>For approximateley 2h30 (2hrs for the more seasoned walkers) you will discover the terroirs of Gigondas. Please remember to bring water bottles and to wear appropriate footwear and headwear. You will be walking 6.7kms along a well-marked trail, identifiable by wooden posts, along which informative panels have been placed. These panels explain in detail the rich <a title=\"Biodiversity is the term used to describe the variety and diversity of the living world. Preserving biodiversity means working to maintain or reintegrate a wide variety of living species into a given area, to ensure its equilibrium.\" class=\"encyclopedia\">biodiversity<\/a> of the Dentelles, including the very diverse populations of butterflies and birds of prey.<br>Maximum vertical drop : 200 meters &ndash; medium difficulty.<br>The trail map is available in the VISIORANDO Application &ndash; n&deg;21387201&nbsp;n&deg;21387201.<\/p><p><strong>The picnic area : need a spot to recover and enjoy a picnic ?<\/strong><br>After passing through the Wineshop, you can enjoy a shaded picnic table especially available to you between 12 noon and 3:00pm. Enjoy a picnic lunch with a view of the Dentelles de Montmirail and the vineyards of the Domaine de Longue Toque.<\/p>\t\t\t\t\t\t\t\t<\/div>\n\t\t\t\t<\/div>\n\t\t\t\t<div class=\"elementor-element elementor-element-849c4f9 elementor-widget elementor-widget-heading\" data-id=\"849c4f9\" data-element_type=\"widget\" data-e-type=\"widget\" data-widget_type=\"heading.default\">\n\t\t\t\t<div class=\"elementor-widget-container\">\n\t\t\t\t\t<h2 class=\"elementor-heading-title elementor-size-default\">Regularly&hellip;<\/h2>\t\t\t\t<\/div>\n\t\t\t\t<\/div>\n\t\t\t\t<div class=\"vamtam-has-theme-widget-styles elementor-element elementor-element-4aa81af elementor-widget elementor-widget-text-editor\" data-id=\"4aa81af\" data-element_type=\"widget\" data-e-type=\"widget\" data-widget_type=\"text-editor.default\">\n\t\t\t\t<div class=\"elementor-widget-container\">\n\t\t\t\t\t\t\t\t\t<p><strong>&ldquo;Discovery&rdquo; workshops<\/strong>, If you are looking for a new idea of gift or if you are simply curious about wine, do not wait anymore and book for a great treat for yourself or your friends &amp; family. This will be an unforgettable tasting experience combined with a chance to discover our vineyards!<\/p>\t\t\t\t\t\t\t\t<\/div>\n\t\t\t\t<\/div>\n\t\t\t\t\t<\/div>\n\t\t\t\t<\/div>\n\t\t\t\t<\/div>\n\t\t<div class=\"elementor-element elementor-element-47181893 e-con-full e-flex e-con e-parent\" data-id=\"47181893\" data-element_type=\"container\" data-e-type=\"container\" data-settings='{\"background_background\":\"classic\"}'>\n\t\t\t\t<\/div>\n\t\t\t\t<\/div>\n\t\t<div class=\"elementor-element elementor-element-7873ed6 e-flex e-con-boxed elementor-invisible e-con e-parent\" data-id=\"7873ed6\" data-element_type=\"container\" data-e-type=\"container\" data-settings='{\"animation\":\"fadeIn\"}'>\n\t\t\t\t\t<div class=\"e-con-inner\">\n\t\t\t\t<div class=\"elementor-element elementor-element-7499694 elementor-widget elementor-widget-heading\" data-id=\"7499694\" data-element_type=\"widget\" data-e-type=\"widget\" data-widget_type=\"heading.default\">\n\t\t\t\t<div class=\"elementor-widget-container\">\n\t\t\t\t\t<h2 class=\"elementor-heading-title elementor-size-default\"><a href=\"https:\/\/gabriel-meffre.fr\/vins\/oenotourisme\/\">Discover or workshops<\/a><\/h2>\t\t\t\t<\/div>\n\t\t\t\t<\/div>\n\t\t\t\t\t<\/div>\n\t\t\t\t<\/div>\n\t\t<div class=\"elementor-element elementor-element-d967a51 e-con-full gm-txt-image-fullswidth e-flex elementor-invisible e-con e-parent\" data-id=\"d967a51\" data-element_type=\"container\" data-e-type=\"container\" data-settings='{\"animation\":\"fadeIn\"}'>\n\t\t<div class=\"elementor-element elementor-element-2e384304 e-con-full e-flex e-con e-parent\" data-id=\"2e384304\" data-element_type=\"container\" data-e-type=\"container\" data-settings='{\"background_background\":\"classic\"}'>\n\t\t<div class=\"elementor-element elementor-element-29dd02e4 txt-container-inner e-flex e-con-boxed e-con e-parent\" data-id=\"29dd02e4\" data-element_type=\"container\" data-e-type=\"container\">\n\t\t\t\t\t<div class=\"e-con-inner\">\n\t\t\t\t<div class=\"vamtam-has-theme-widget-styles elementor-element elementor-element-21448272 elementor-widget elementor-widget-text-editor\" data-id=\"21448272\" data-element_type=\"widget\" data-e-type=\"widget\" data-widget_type=\"text-editor.default\">\n\t\t\t\t<div class=\"elementor-widget-container\">\n\t\t\t\t\t\t\t\t\t<p><a href=\"https:\/\/gabriel-meffre.fr\/en\/product\/workout-the-secrets-of-the-terroirs-of-gigondas\/\"><strong>WORKSHOP &ldquo;THE SECRETS OF THE TERROIRS OF GIGONDAS&rdquo;<\/strong><\/a><br>Tour of the vineyard by 4&times;4 followed by a guided tasting session of our 3 Gigondas cuv&eacute;es: Gabriel Meffre, Laurus &amp; Domaine de Longue Toque.<\/p><p>Between 2 to 4 people. <br>Duration : 2h<br>Price: 50&euro;\/person<\/p><p><a href=\"https:\/\/gabriel-meffre.fr\/en\/product\/workshop-visit-and-wine-tasting\/\"><b>WORKSHOP &ldquo;VISIT AND WINE-TASTING&rdquo;<\/b><\/a><br>Visit the estate&rsquo;s cellars, followed by a guided tasting session of 4 wines from the Domaine de Longue Toque ranges.<\/p><p>Between 2 to 20 people.<br>Duration : 1h<br>Price : 10&euro;\/person.<\/p><p><a href=\"https:\/\/gabriel-meffre.fr\/en\/product\/workshop-initiation-to-wine-tasting\/\"><b>WORKSHOP &ldquo;INITIATION TO WINE-TASTING&rdquo;<\/b><\/a><br>An approach based on sensorial appreciation and an introduction to the basic wine-tasting terms. Folowed by a &ldquo;pratical session&rdquo; tasting a selection of 8 wines, including whites, ros&eacute;s and reds.<\/p><p>Between 2 to 10 people.<br>Duration : 1h15<br>Price : 25&euro;\/person.<\/p><p><b><a href=\"https:\/\/gabriel-meffre.fr\/en\/product\/workout-prestigious-crus-from-rhone-valley-north-and-south\/\">WORKSHOP &ldquo;PRESTIGIOUS CRUS FROM RH&Ocirc;NE VALLEY&rdquo;<\/a><br><\/b>Commented tasting of prestigious Crus of the Northern and Southern Rhone Valley:<br>Crozes-Hermitage, Saint-Joseph, C&ocirc;te-R&ocirc;tie, Condrieu, Gigondas, Ch&acirc;teauneuf-du-Pape, Vacqueyras &hellip;<\/p><p>Between 2 to 10 people.<br>Duration : 1h<br>Price : 25&euro;\/person.<\/p>\t\t\t\t\t\t\t\t<\/div>\n\t\t\t\t<\/div>\n\t\t\t\t\t<\/div>\n\t\t\t\t<\/div>\n\t\t\t\t<\/div>\n\t\t<div class=\"elementor-element elementor-element-1f403d89 e-con-full e-flex e-con e-parent\" data-id=\"1f403d89\" data-element_type=\"container\" data-e-type=\"container\" data-settings='{\"background_background\":\"classic\"}'>\n\t\t\t\t<\/div>\n\t\t\t\t<\/div>\n\t\t<div class=\"elementor-element elementor-element-6d638f6 e-flex e-con-boxed elementor-invisible e-con e-parent\" data-id=\"6d638f6\" data-element_type=\"container\" data-e-type=\"container\" data-settings='{\"animation\":\"fadeIn\"}'>\n\t\t\t\t\t<div class=\"e-con-inner\">\n\t\t\t\t<div class=\"vamtam-has-theme-widget-styles elementor-element elementor-element-aa6e385 elementor-widget elementor-widget-text-editor\" data-id=\"aa6e385\" data-element_type=\"widget\" data-e-type=\"widget\" data-widget_type=\"text-editor.default\">\n\t\t\t\t<div class=\"elementor-widget-container\">\n\t\t\t\t\t\t\t\t\t<p>Be Careful : Pre-booking required <strong>(min. 2 people)<\/strong>.<br>Reservation by email <a href=\"mailto:caveaugabrielmeffre@meffre.com\">caveaugabrielmeffre@meffre.com<\/a> or by phone <a href=\"tel:+33490123021\">+33 (0)4.90.12.30.21<\/a> or on our partner website www.ruedesvignerons.com<br><br><\/p><p>&nbsp;<\/p>\t\t\t\t\t\t\t\t<\/div>\n\t\t\t\t<\/div>\n\t\t\t\t\t<\/div>\n\t\t\t\t<\/div>\n\t\t\t\t<\/div>\n\t\t","protected":false},"excerpt":{"rendered":"<p>Currently Photo exhibition : &#8220;Regards sur la vigne&#8221; by Jasper van Berkel &#8211; free access. The Nature TrailFor approximateley 2h30 (2hrs for the more seasoned walkers) you will discover the terroirs of Gigondas. Please remember to bring water bottles and to wear appropriate footwear and headwear. You will be walking 6.7kms along a well-marked trail,&#8230;<\/p>\n","protected":false},"author":1,"featured_media":992398,"parent":0,"menu_order":0,"comment_status":"closed","ping_status":"closed","template":"","meta":{"_acf_changed":false,"footnotes":""},"class_list":["post-993745","page","type-page","status-publish","has-post-thumbnail","hentry"],"acf":[],"yoast_head":"<!-- This site is optimized with the Yoast SEO plugin v27.2 - https:\/\/yoast.com\/product\/yoast-seo-wordpress\/ -->\n<title>Nos \u00e9v\u00e8nements \u00e0 Gigondas - Maison Gabriel Meffre<\/title>\n<meta name=\"description\" content=\"Retrouvez ici les prochains \u00e9v\u00e8nements organis\u00e9s par la Maison Gabriel Meffre.\" \/>\n<meta name=\"robots\" content=\"index, follow, max-snippet:-1, max-image-preview:large, max-video-preview:-1\" \/>\n<link rel=\"canonical\" href=\"https:\/\/gabriel-meffre.fr\/en\/events\/\" \/>\n<meta property=\"og:locale\" content=\"en_US\" \/>\n<meta property=\"og:type\" content=\"article\" \/>\n<meta property=\"og:title\" content=\"Nos \u00e9v\u00e8nements \u00e0 Gigondas - Maison Gabriel Meffre\" \/>\n<meta property=\"og:description\" content=\"Retrouvez ici les prochains \u00e9v\u00e8nements organis\u00e9s par la Maison Gabriel Meffre.\" \/>\n<meta property=\"og:url\" content=\"https:\/\/gabriel-meffre.fr\/en\/events\/\" \/>\n<meta property=\"og:site_name\" content=\"Gabriel Meffre\" \/>\n<meta property=\"article:publisher\" content=\"https:\/\/www.facebook.com\/gabrielmeffre.gigondas\" \/>\n<meta property=\"article:modified_time\" content=\"2023-06-05T09:26:45+00:00\" \/>\n<meta property=\"og:image\" content=\"https:\/\/gabriel-meffre.fr\/wp-content\/uploads\/2023\/03\/header-evenements.jpg\" \/>\n\t<meta property=\"og:image:width\" content=\"2000\" \/>\n\t<meta property=\"og:image:height\" content=\"600\" \/>\n\t<meta property=\"og:image:type\" content=\"image\/jpeg\" \/>\n<meta name=\"twitter:card\" content=\"summary_large_image\" \/>\n<meta name=\"twitter:site\" content=\"@gabrielmeffre\" \/>\n<meta name=\"twitter:label1\" content=\"Est. reading time\" \/>\n\t<meta name=\"twitter:data1\" content=\"2 minutes\" \/>\n<script type=\"application\/ld+json\" class=\"yoast-schema-graph\">{\"@context\":\"https:\/\/schema.org\",\"@graph\":[{\"@type\":\"WebPage\",\"@id\":\"https:\/\/gabriel-meffre.fr\/en\/events\/\",\"url\":\"https:\/\/gabriel-meffre.fr\/en\/events\/\",\"name\":\"Nos \u00e9v\u00e8nements \u00e0 Gigondas - Maison Gabriel Meffre\",\"isPartOf\":{\"@id\":\"https:\/\/gabriel-meffre.fr\/en\/#website\"},\"primaryImageOfPage\":{\"@id\":\"https:\/\/gabriel-meffre.fr\/en\/events\/#primaryimage\"},\"image\":{\"@id\":\"https:\/\/gabriel-meffre.fr\/en\/events\/#primaryimage\"},\"thumbnailUrl\":\"https:\/\/gabriel-meffre.fr\/wp-content\/uploads\/2023\/03\/header-evenements.jpg\",\"datePublished\":\"2022-12-14T16:42:35+00:00\",\"dateModified\":\"2023-06-05T09:26:45+00:00\",\"description\":\"Retrouvez ici les prochains \u00e9v\u00e8nements organis\u00e9s par la Maison Gabriel Meffre.\",\"breadcrumb\":{\"@id\":\"https:\/\/gabriel-meffre.fr\/en\/events\/#breadcrumb\"},\"inLanguage\":\"en-US\",\"potentialAction\":[{\"@type\":\"ReadAction\",\"target\":[\"https:\/\/gabriel-meffre.fr\/en\/events\/\"]}]},{\"@type\":\"ImageObject\",\"inLanguage\":\"en-US\",\"@id\":\"https:\/\/gabriel-meffre.fr\/en\/events\/#primaryimage\",\"url\":\"https:\/\/gabriel-meffre.fr\/wp-content\/uploads\/2023\/03\/header-evenements.jpg\",\"contentUrl\":\"https:\/\/gabriel-meffre.fr\/wp-content\/uploads\/2023\/03\/header-evenements.jpg\",\"width\":2000,\"height\":600},{\"@type\":\"BreadcrumbList\",\"@id\":\"https:\/\/gabriel-meffre.fr\/en\/events\/#breadcrumb\",\"itemListElement\":[{\"@type\":\"ListItem\",\"position\":1,\"name\":\"Home\",\"item\":\"https:\/\/gabriel-meffre.fr\/en\/\"},{\"@type\":\"ListItem\",\"position\":2,\"name\":\"Events\"}]},{\"@type\":\"WebSite\",\"@id\":\"https:\/\/gabriel-meffre.fr\/en\/#website\",\"url\":\"https:\/\/gabriel-meffre.fr\/en\/\",\"name\":\"Gabriel Meffre\",\"description\":\"\",\"publisher\":{\"@id\":\"https:\/\/gabriel-meffre.fr\/en\/#organization\"},\"potentialAction\":[{\"@type\":\"SearchAction\",\"target\":{\"@type\":\"EntryPoint\",\"urlTemplate\":\"https:\/\/gabriel-meffre.fr\/en\/?s={search_term_string}\"},\"query-input\":{\"@type\":\"PropertyValueSpecification\",\"valueRequired\":true,\"valueName\":\"search_term_string\"}}],\"inLanguage\":\"en-US\"},{\"@type\":\"Organization\",\"@id\":\"https:\/\/gabriel-meffre.fr\/en\/#organization\",\"name\":\"Gabriel Meffre\",\"url\":\"https:\/\/gabriel-meffre.fr\/en\/\",\"logo\":{\"@type\":\"ImageObject\",\"inLanguage\":\"en-US\",\"@id\":\"https:\/\/gabriel-meffre.fr\/en\/#\/schema\/logo\/image\/\",\"url\":\"https:\/\/gabriel-meffre.fr\/wp-content\/uploads\/2021\/12\/logo-gabriel-meffre-noir.png\",\"contentUrl\":\"https:\/\/gabriel-meffre.fr\/wp-content\/uploads\/2021\/12\/logo-gabriel-meffre-noir.png\",\"width\":500,\"height\":500,\"caption\":\"Gabriel Meffre\"},\"image\":{\"@id\":\"https:\/\/gabriel-meffre.fr\/en\/#\/schema\/logo\/image\/\"},\"sameAs\":[\"https:\/\/www.facebook.com\/gabrielmeffre.gigondas\",\"https:\/\/x.com\/gabrielmeffre\",\"https:\/\/www.instagram.com\/gabrielmeffre\",\"https:\/\/www.youtube.com\/channel\/UCk6fvyTy41mZSMV0cdOZSlg\"]}]}<\/script>\n<!-- \/ Yoast SEO plugin. -->","yoast_head_json":{"title":"Nos \u00e9v\u00e8nements \u00e0 Gigondas - Maison Gabriel Meffre","description":"Retrouvez ici les prochains \u00e9v\u00e8nements organis\u00e9s par la Maison Gabriel Meffre.","robots":{"index":"index","follow":"follow","max-snippet":"max-snippet:-1","max-image-preview":"max-image-preview:large","max-video-preview":"max-video-preview:-1"},"canonical":"https:\/\/gabriel-meffre.fr\/en\/events\/","og_locale":"en_US","og_type":"article","og_title":"Nos \u00e9v\u00e8nements \u00e0 Gigondas - Maison Gabriel Meffre","og_description":"Retrouvez ici les prochains \u00e9v\u00e8nements organis\u00e9s par la Maison Gabriel Meffre.","og_url":"https:\/\/gabriel-meffre.fr\/en\/events\/","og_site_name":"Gabriel Meffre","article_publisher":"https:\/\/www.facebook.com\/gabrielmeffre.gigondas","article_modified_time":"2023-06-05T09:26:45+00:00","og_image":[{"width":2000,"height":600,"url":"https:\/\/gabriel-meffre.fr\/wp-content\/uploads\/2023\/03\/header-evenements.jpg","type":"image\/jpeg"}],"twitter_card":"summary_large_image","twitter_site":"@gabrielmeffre","twitter_misc":{"Est. reading time":"2 minutes"},"schema":{"@context":"https:\/\/schema.org","@graph":[{"@type":"WebPage","@id":"https:\/\/gabriel-meffre.fr\/en\/events\/","url":"https:\/\/gabriel-meffre.fr\/en\/events\/","name":"Nos \u00e9v\u00e8nements \u00e0 Gigondas - Maison Gabriel Meffre","isPartOf":{"@id":"https:\/\/gabriel-meffre.fr\/en\/#website"},"primaryImageOfPage":{"@id":"https:\/\/gabriel-meffre.fr\/en\/events\/#primaryimage"},"image":{"@id":"https:\/\/gabriel-meffre.fr\/en\/events\/#primaryimage"},"thumbnailUrl":"https:\/\/gabriel-meffre.fr\/wp-content\/uploads\/2023\/03\/header-evenements.jpg","datePublished":"2022-12-14T16:42:35+00:00","dateModified":"2023-06-05T09:26:45+00:00","description":"Retrouvez ici les prochains \u00e9v\u00e8nements organis\u00e9s par la Maison Gabriel Meffre.","breadcrumb":{"@id":"https:\/\/gabriel-meffre.fr\/en\/events\/#breadcrumb"},"inLanguage":"en-US","potentialAction":[{"@type":"ReadAction","target":["https:\/\/gabriel-meffre.fr\/en\/events\/"]}]},{"@type":"ImageObject","inLanguage":"en-US","@id":"https:\/\/gabriel-meffre.fr\/en\/events\/#primaryimage","url":"https:\/\/gabriel-meffre.fr\/wp-content\/uploads\/2023\/03\/header-evenements.jpg","contentUrl":"https:\/\/gabriel-meffre.fr\/wp-content\/uploads\/2023\/03\/header-evenements.jpg","width":2000,"height":600},{"@type":"BreadcrumbList","@id":"https:\/\/gabriel-meffre.fr\/en\/events\/#breadcrumb","itemListElement":[{"@type":"ListItem","position":1,"name":"Home","item":"https:\/\/gabriel-meffre.fr\/en\/"},{"@type":"ListItem","position":2,"name":"Events"}]},{"@type":"WebSite","@id":"https:\/\/gabriel-meffre.fr\/en\/#website","url":"https:\/\/gabriel-meffre.fr\/en\/","name":"Gabriel Meffre","description":"","publisher":{"@id":"https:\/\/gabriel-meffre.fr\/en\/#organization"},"potentialAction":[{"@type":"SearchAction","target":{"@type":"EntryPoint","urlTemplate":"https:\/\/gabriel-meffre.fr\/en\/?s={search_term_string}"},"query-input":{"@type":"PropertyValueSpecification","valueRequired":true,"valueName":"search_term_string"}}],"inLanguage":"en-US"},{"@type":"Organization","@id":"https:\/\/gabriel-meffre.fr\/en\/#organization","name":"Gabriel Meffre","url":"https:\/\/gabriel-meffre.fr\/en\/","logo":{"@type":"ImageObject","inLanguage":"en-US","@id":"https:\/\/gabriel-meffre.fr\/en\/#\/schema\/logo\/image\/","url":"https:\/\/gabriel-meffre.fr\/wp-content\/uploads\/2021\/12\/logo-gabriel-meffre-noir.png","contentUrl":"https:\/\/gabriel-meffre.fr\/wp-content\/uploads\/2021\/12\/logo-gabriel-meffre-noir.png","width":500,"height":500,"caption":"Gabriel Meffre"},"image":{"@id":"https:\/\/gabriel-meffre.fr\/en\/#\/schema\/logo\/image\/"},"sameAs":["https:\/\/www.facebook.com\/gabrielmeffre.gigondas","https:\/\/x.com\/gabrielmeffre","https:\/\/www.instagram.com\/gabrielmeffre","https:\/\/www.youtube.com\/channel\/UCk6fvyTy41mZSMV0cdOZSlg"]}]}},"_links":{"self":[{"href":"https:\/\/gabriel-meffre.fr\/en\/wp-json\/wp\/v2\/pages\/993745","targetHints":{"allow":["GET"]}}],"collection":[{"href":"https:\/\/gabriel-meffre.fr\/en\/wp-json\/wp\/v2\/pages"}],"about":[{"href":"https:\/\/gabriel-meffre.fr\/en\/wp-json\/wp\/v2\/types\/page"}],"author":[{"embeddable":true,"href":"https:\/\/gabriel-meffre.fr\/en\/wp-json\/wp\/v2\/users\/1"}],"replies":[{"embeddable":true,"href":"https:\/\/gabriel-meffre.fr\/en\/wp-json\/wp\/v2\/comments?post=993745"}],"version-history":[{"count":22,"href":"https:\/\/gabriel-meffre.fr\/en\/wp-json\/wp\/v2\/pages\/993745\/revisions"}],"predecessor-version":[{"id":995816,"href":"https:\/\/gabriel-meffre.fr\/en\/wp-json\/wp\/v2\/pages\/993745\/revisions\/995816"}],"wp:featuredmedia":[{"embeddable":true,"href":"https:\/\/gabriel-meffre.fr\/en\/wp-json\/wp\/v2\/media\/992398"}],"wp:attachment":[{"href":"https:\/\/gabriel-meffre.fr\/en\/wp-json\/wp\/v2\/media?parent=993745"}],"curies":[{"name":"wp","href":"https:\/\/api.w.org\/{rel}","templated":true}]}}