{"id":1001300,"date":"2025-07-15T11:33:39","date_gmt":"2025-07-15T09:33:39","guid":{"rendered":"https:\/\/gabriel-meffre.fr\/?post_type=product&#038;p=1001300"},"modified":"2025-07-21T16:46:40","modified_gmt":"2025-07-21T14:46:40","slug":"gabriel-meffre-cotes-du-rhone-rose-saint-francois-organic-2024","status":"publish","type":"product","link":"https:\/\/gabriel-meffre.fr\/en\/product\/gabriel-meffre-cotes-du-rhone-rose-saint-francois-organic-2024\/","title":{"rendered":"C\u00f4tes du Rh\u00f4ne &#8220;Saint-Fran\u00e7ois&#8221; &#8211; organic <span class='vintage the_title'>2024<\/span>"},"content":{"rendered":"","protected":false},"excerpt":{"rendered":"","protected":false},"featured_media":999999,"template":"","meta":{"_acf_changed":false},"product_brand":[],"product_cat":[238],"product_tag":[],"class_list":{"0":"post-1001300","1":"product","2":"type-product","3":"status-publish","4":"has-post-thumbnail","6":"product_cat-gabriel-meffre-en","8":"first","9":"instock","10":"purchasable","11":"product-type-simple"},"bundled_by":[],"bundle_stock_status":"instock","bundle_stock_quantity":null,"bundle_virtual":false,"bundle_layout":"","bundle_add_to_cart_form_location":"","bundle_editable_in_cart":false,"bundle_sold_individually_context":"","bundle_item_grouping":"","bundle_min_size":"","bundle_max_size":"","bundle_price":[],"bundled_items":[],"bundle_sell_ids":[],"group_of_quantity":6,"min_quantity":0,"max_quantity":"","exclude_order_quantity_value_rules":"no","exclude_category_quantity_rules":"no","combine_variations":"no","acf":[],"yoast_head":"<!-- This site is optimized with the Yoast SEO plugin v27.2 - https:\/\/yoast.com\/product\/yoast-seo-wordpress\/ -->\n<title>C\u00f4tes du Rh\u00f4ne &quot;Saint-Fran\u00e7ois&quot; - organic White 2024 - Gabriel Meffre<\/title>\n<meta name=\"description\" content=\"Achetez en ligne notre C\u00f4tes du Rh\u00f4ne &quot;Saint-Fran\u00e7ois&quot; - organic White 2024 Gabriel Meffre. Gabriel Meffre, \u00e0 Gigondas au coeur de la Vall\u00e9e du Rh\u00f4ne depuis 1936.\" \/>\n<meta name=\"robots\" content=\"index, follow, max-snippet:-1, max-image-preview:large, max-video-preview:-1\" \/>\n<link rel=\"canonical\" href=\"https:\/\/gabriel-meffre.fr\/en\/product\/gabriel-meffre-cotes-du-rhone-rose-saint-francois-organic-2024\/\" \/>\n<meta property=\"og:locale\" content=\"en_US\" \/>\n<meta property=\"og:type\" content=\"article\" \/>\n<meta property=\"og:title\" content=\"C\u00f4tes du Rh\u00f4ne &quot;Saint-Fran\u00e7ois&quot; - organic White 2024 - Gabriel Meffre\" \/>\n<meta property=\"og:description\" content=\"Achetez en ligne notre C\u00f4tes du Rh\u00f4ne &quot;Saint-Fran\u00e7ois&quot; - organic White 2024 Gabriel Meffre. Gabriel Meffre, \u00e0 Gigondas au coeur de la Vall\u00e9e du Rh\u00f4ne depuis 1936.\" \/>\n<meta property=\"og:url\" content=\"https:\/\/gabriel-meffre.fr\/en\/product\/gabriel-meffre-cotes-du-rhone-rose-saint-francois-organic-2024\/\" \/>\n<meta property=\"og:site_name\" content=\"Gabriel Meffre\" \/>\n<meta property=\"article:publisher\" content=\"https:\/\/www.facebook.com\/gabrielmeffre.gigondas\" \/>\n<meta property=\"article:modified_time\" content=\"2025-07-21T14:46:40+00:00\" \/>\n<meta property=\"og:image\" content=\"https:\/\/gabriel-meffre.fr\/wp-content\/uploads\/2024\/10\/B_GM_saint-francois_cotes-du-rhone-blanc.png\" \/>\n\t<meta property=\"og:image:width\" content=\"1000\" \/>\n\t<meta property=\"og:image:height\" content=\"1000\" \/>\n\t<meta property=\"og:image:type\" content=\"image\/png\" \/>\n<meta name=\"twitter:card\" content=\"summary_large_image\" \/>\n<meta name=\"twitter:site\" content=\"@gabrielmeffre\" \/>\n<meta name=\"twitter:label1\" content=\"Est. reading time\" \/>\n\t<meta name=\"twitter:data1\" content=\"1 minute\" \/>\n<script type=\"application\/ld+json\" class=\"yoast-schema-graph\">{\"@context\":\"https:\/\/schema.org\",\"@graph\":[{\"@type\":\"WebPage\",\"@id\":\"https:\/\/gabriel-meffre.fr\/en\/product\/gabriel-meffre-cotes-du-rhone-rose-saint-francois-organic-2024\/\",\"url\":\"https:\/\/gabriel-meffre.fr\/en\/product\/gabriel-meffre-cotes-du-rhone-rose-saint-francois-organic-2024\/\",\"name\":\"C\u00f4tes du Rh\u00f4ne \\\"Saint-Fran\u00e7ois\\\" - organic White 2024 - Gabriel Meffre\",\"isPartOf\":{\"@id\":\"https:\/\/gabriel-meffre.fr\/en\/#website\"},\"primaryImageOfPage\":{\"@id\":\"https:\/\/gabriel-meffre.fr\/en\/product\/gabriel-meffre-cotes-du-rhone-rose-saint-francois-organic-2024\/#primaryimage\"},\"image\":{\"@id\":\"https:\/\/gabriel-meffre.fr\/en\/product\/gabriel-meffre-cotes-du-rhone-rose-saint-francois-organic-2024\/#primaryimage\"},\"thumbnailUrl\":\"https:\/\/gabriel-meffre.fr\/wp-content\/uploads\/2024\/10\/B_GM_saint-francois_cotes-du-rhone-blanc.png\",\"datePublished\":\"2025-07-15T09:33:39+00:00\",\"dateModified\":\"2025-07-21T14:46:40+00:00\",\"description\":\"Achetez en ligne notre C\u00f4tes du Rh\u00f4ne \\\"Saint-Fran\u00e7ois\\\" - organic White 2024 Gabriel Meffre. Gabriel Meffre, \u00e0 Gigondas au coeur de la Vall\u00e9e du Rh\u00f4ne depuis 1936.\",\"breadcrumb\":{\"@id\":\"https:\/\/gabriel-meffre.fr\/en\/product\/gabriel-meffre-cotes-du-rhone-rose-saint-francois-organic-2024\/#breadcrumb\"},\"inLanguage\":\"en-US\",\"potentialAction\":[{\"@type\":\"ReadAction\",\"target\":[\"https:\/\/gabriel-meffre.fr\/en\/product\/gabriel-meffre-cotes-du-rhone-rose-saint-francois-organic-2024\/\"]}]},{\"@type\":\"ImageObject\",\"inLanguage\":\"en-US\",\"@id\":\"https:\/\/gabriel-meffre.fr\/en\/product\/gabriel-meffre-cotes-du-rhone-rose-saint-francois-organic-2024\/#primaryimage\",\"url\":\"https:\/\/gabriel-meffre.fr\/wp-content\/uploads\/2024\/10\/B_GM_saint-francois_cotes-du-rhone-blanc.png\",\"contentUrl\":\"https:\/\/gabriel-meffre.fr\/wp-content\/uploads\/2024\/10\/B_GM_saint-francois_cotes-du-rhone-blanc.png\",\"width\":1000,\"height\":1000,\"caption\":\"Visuel de la bouteille du C\u00f4tes du Rh\u00f4ne blanc Gabriel Meffre \\\"Saint Fran\u00e7ois\\\" - vin bio\"},{\"@type\":\"BreadcrumbList\",\"@id\":\"https:\/\/gabriel-meffre.fr\/en\/product\/gabriel-meffre-cotes-du-rhone-rose-saint-francois-organic-2024\/#breadcrumb\",\"itemListElement\":[{\"@type\":\"ListItem\",\"position\":1,\"name\":\"Home\",\"item\":\"https:\/\/gabriel-meffre.fr\/en\/\"},{\"@type\":\"ListItem\",\"position\":2,\"name\":\"All our wines\",\"item\":\"https:\/\/gabriel-meffre.fr\/en\/all-our-wines\/\"},{\"@type\":\"ListItem\",\"position\":3,\"name\":\"C\u00f4tes du Rh\u00f4ne &#8220;Saint-Fran\u00e7ois&#8221; &#8211; organic 2024\"}]},{\"@type\":\"WebSite\",\"@id\":\"https:\/\/gabriel-meffre.fr\/en\/#website\",\"url\":\"https:\/\/gabriel-meffre.fr\/en\/\",\"name\":\"Gabriel Meffre\",\"description\":\"\",\"publisher\":{\"@id\":\"https:\/\/gabriel-meffre.fr\/en\/#organization\"},\"potentialAction\":[{\"@type\":\"SearchAction\",\"target\":{\"@type\":\"EntryPoint\",\"urlTemplate\":\"https:\/\/gabriel-meffre.fr\/en\/?s={search_term_string}\"},\"query-input\":{\"@type\":\"PropertyValueSpecification\",\"valueRequired\":true,\"valueName\":\"search_term_string\"}}],\"inLanguage\":\"en-US\"},{\"@type\":\"Organization\",\"@id\":\"https:\/\/gabriel-meffre.fr\/en\/#organization\",\"name\":\"Gabriel Meffre\",\"url\":\"https:\/\/gabriel-meffre.fr\/en\/\",\"logo\":{\"@type\":\"ImageObject\",\"inLanguage\":\"en-US\",\"@id\":\"https:\/\/gabriel-meffre.fr\/en\/#\/schema\/logo\/image\/\",\"url\":\"https:\/\/gabriel-meffre.fr\/wp-content\/uploads\/2021\/12\/logo-gabriel-meffre-noir.png\",\"contentUrl\":\"https:\/\/gabriel-meffre.fr\/wp-content\/uploads\/2021\/12\/logo-gabriel-meffre-noir.png\",\"width\":500,\"height\":500,\"caption\":\"Gabriel Meffre\"},\"image\":{\"@id\":\"https:\/\/gabriel-meffre.fr\/en\/#\/schema\/logo\/image\/\"},\"sameAs\":[\"https:\/\/www.facebook.com\/gabrielmeffre.gigondas\",\"https:\/\/x.com\/gabrielmeffre\",\"https:\/\/www.instagram.com\/gabrielmeffre\",\"https:\/\/www.youtube.com\/channel\/UCk6fvyTy41mZSMV0cdOZSlg\"]}]}<\/script>\n<!-- \/ Yoast SEO plugin. -->","yoast_head_json":{"title":"C\u00f4tes du Rh\u00f4ne \"Saint-Fran\u00e7ois\" - organic White 2024 - Gabriel Meffre","description":"Achetez en ligne notre C\u00f4tes du Rh\u00f4ne \"Saint-Fran\u00e7ois\" - organic White 2024 Gabriel Meffre. Gabriel Meffre, \u00e0 Gigondas au coeur de la Vall\u00e9e du Rh\u00f4ne depuis 1936.","robots":{"index":"index","follow":"follow","max-snippet":"max-snippet:-1","max-image-preview":"max-image-preview:large","max-video-preview":"max-video-preview:-1"},"canonical":"https:\/\/gabriel-meffre.fr\/en\/product\/gabriel-meffre-cotes-du-rhone-rose-saint-francois-organic-2024\/","og_locale":"en_US","og_type":"article","og_title":"C\u00f4tes du Rh\u00f4ne \"Saint-Fran\u00e7ois\" - organic White 2024 - Gabriel Meffre","og_description":"Achetez en ligne notre C\u00f4tes du Rh\u00f4ne \"Saint-Fran\u00e7ois\" - organic White 2024 Gabriel Meffre. Gabriel Meffre, \u00e0 Gigondas au coeur de la Vall\u00e9e du Rh\u00f4ne depuis 1936.","og_url":"https:\/\/gabriel-meffre.fr\/en\/product\/gabriel-meffre-cotes-du-rhone-rose-saint-francois-organic-2024\/","og_site_name":"Gabriel Meffre","article_publisher":"https:\/\/www.facebook.com\/gabrielmeffre.gigondas","article_modified_time":"2025-07-21T14:46:40+00:00","og_image":[{"width":1000,"height":1000,"url":"https:\/\/gabriel-meffre.fr\/wp-content\/uploads\/2024\/10\/B_GM_saint-francois_cotes-du-rhone-blanc.png","type":"image\/png"}],"twitter_card":"summary_large_image","twitter_site":"@gabrielmeffre","twitter_misc":{"Est. reading time":"1 minute"},"schema":{"@context":"https:\/\/schema.org","@graph":[{"@type":"WebPage","@id":"https:\/\/gabriel-meffre.fr\/en\/product\/gabriel-meffre-cotes-du-rhone-rose-saint-francois-organic-2024\/","url":"https:\/\/gabriel-meffre.fr\/en\/product\/gabriel-meffre-cotes-du-rhone-rose-saint-francois-organic-2024\/","name":"C\u00f4tes du Rh\u00f4ne \"Saint-Fran\u00e7ois\" - organic White 2024 - Gabriel Meffre","isPartOf":{"@id":"https:\/\/gabriel-meffre.fr\/en\/#website"},"primaryImageOfPage":{"@id":"https:\/\/gabriel-meffre.fr\/en\/product\/gabriel-meffre-cotes-du-rhone-rose-saint-francois-organic-2024\/#primaryimage"},"image":{"@id":"https:\/\/gabriel-meffre.fr\/en\/product\/gabriel-meffre-cotes-du-rhone-rose-saint-francois-organic-2024\/#primaryimage"},"thumbnailUrl":"https:\/\/gabriel-meffre.fr\/wp-content\/uploads\/2024\/10\/B_GM_saint-francois_cotes-du-rhone-blanc.png","datePublished":"2025-07-15T09:33:39+00:00","dateModified":"2025-07-21T14:46:40+00:00","description":"Achetez en ligne notre C\u00f4tes du Rh\u00f4ne \"Saint-Fran\u00e7ois\" - organic White 2024 Gabriel Meffre. Gabriel Meffre, \u00e0 Gigondas au coeur de la Vall\u00e9e du Rh\u00f4ne depuis 1936.","breadcrumb":{"@id":"https:\/\/gabriel-meffre.fr\/en\/product\/gabriel-meffre-cotes-du-rhone-rose-saint-francois-organic-2024\/#breadcrumb"},"inLanguage":"en-US","potentialAction":[{"@type":"ReadAction","target":["https:\/\/gabriel-meffre.fr\/en\/product\/gabriel-meffre-cotes-du-rhone-rose-saint-francois-organic-2024\/"]}]},{"@type":"ImageObject","inLanguage":"en-US","@id":"https:\/\/gabriel-meffre.fr\/en\/product\/gabriel-meffre-cotes-du-rhone-rose-saint-francois-organic-2024\/#primaryimage","url":"https:\/\/gabriel-meffre.fr\/wp-content\/uploads\/2024\/10\/B_GM_saint-francois_cotes-du-rhone-blanc.png","contentUrl":"https:\/\/gabriel-meffre.fr\/wp-content\/uploads\/2024\/10\/B_GM_saint-francois_cotes-du-rhone-blanc.png","width":1000,"height":1000,"caption":"Visuel de la bouteille du C\u00f4tes du Rh\u00f4ne blanc Gabriel Meffre \"Saint Fran\u00e7ois\" - vin bio"},{"@type":"BreadcrumbList","@id":"https:\/\/gabriel-meffre.fr\/en\/product\/gabriel-meffre-cotes-du-rhone-rose-saint-francois-organic-2024\/#breadcrumb","itemListElement":[{"@type":"ListItem","position":1,"name":"Home","item":"https:\/\/gabriel-meffre.fr\/en\/"},{"@type":"ListItem","position":2,"name":"All our wines","item":"https:\/\/gabriel-meffre.fr\/en\/all-our-wines\/"},{"@type":"ListItem","position":3,"name":"C\u00f4tes du Rh\u00f4ne &#8220;Saint-Fran\u00e7ois&#8221; &#8211; organic 2024"}]},{"@type":"WebSite","@id":"https:\/\/gabriel-meffre.fr\/en\/#website","url":"https:\/\/gabriel-meffre.fr\/en\/","name":"Gabriel Meffre","description":"","publisher":{"@id":"https:\/\/gabriel-meffre.fr\/en\/#organization"},"potentialAction":[{"@type":"SearchAction","target":{"@type":"EntryPoint","urlTemplate":"https:\/\/gabriel-meffre.fr\/en\/?s={search_term_string}"},"query-input":{"@type":"PropertyValueSpecification","valueRequired":true,"valueName":"search_term_string"}}],"inLanguage":"en-US"},{"@type":"Organization","@id":"https:\/\/gabriel-meffre.fr\/en\/#organization","name":"Gabriel Meffre","url":"https:\/\/gabriel-meffre.fr\/en\/","logo":{"@type":"ImageObject","inLanguage":"en-US","@id":"https:\/\/gabriel-meffre.fr\/en\/#\/schema\/logo\/image\/","url":"https:\/\/gabriel-meffre.fr\/wp-content\/uploads\/2021\/12\/logo-gabriel-meffre-noir.png","contentUrl":"https:\/\/gabriel-meffre.fr\/wp-content\/uploads\/2021\/12\/logo-gabriel-meffre-noir.png","width":500,"height":500,"caption":"Gabriel Meffre"},"image":{"@id":"https:\/\/gabriel-meffre.fr\/en\/#\/schema\/logo\/image\/"},"sameAs":["https:\/\/www.facebook.com\/gabrielmeffre.gigondas","https:\/\/x.com\/gabrielmeffre","https:\/\/www.instagram.com\/gabrielmeffre","https:\/\/www.youtube.com\/channel\/UCk6fvyTy41mZSMV0cdOZSlg"]}]}},"_links":{"self":[{"href":"https:\/\/gabriel-meffre.fr\/en\/wp-json\/wp\/v2\/product\/1001300","targetHints":{"allow":["GET"]}}],"collection":[{"href":"https:\/\/gabriel-meffre.fr\/en\/wp-json\/wp\/v2\/product"}],"about":[{"href":"https:\/\/gabriel-meffre.fr\/en\/wp-json\/wp\/v2\/types\/product"}],"version-history":[{"count":3,"href":"https:\/\/gabriel-meffre.fr\/en\/wp-json\/wp\/v2\/product\/1001300\/revisions"}],"predecessor-version":[{"id":1001384,"href":"https:\/\/gabriel-meffre.fr\/en\/wp-json\/wp\/v2\/product\/1001300\/revisions\/1001384"}],"wp:featuredmedia":[{"embeddable":true,"href":"https:\/\/gabriel-meffre.fr\/en\/wp-json\/wp\/v2\/media\/999999"}],"wp:attachment":[{"href":"https:\/\/gabriel-meffre.fr\/en\/wp-json\/wp\/v2\/media?parent=1001300"}],"wp:term":[{"taxonomy":"product_brand","embeddable":true,"href":"https:\/\/gabriel-meffre.fr\/en\/wp-json\/wp\/v2\/product_brand?post=1001300"},{"taxonomy":"product_cat","embeddable":true,"href":"https:\/\/gabriel-meffre.fr\/en\/wp-json\/wp\/v2\/product_cat?post=1001300"},{"taxonomy":"product_tag","embeddable":true,"href":"https:\/\/gabriel-meffre.fr\/en\/wp-json\/wp\/v2\/product_tag?post=1001300"}],"curies":[{"name":"wp","href":"https:\/\/api.w.org\/{rel}","templated":true}]}}