{"id":993276,"date":"2023-04-14T10:30:51","date_gmt":"2023-04-14T08:30:51","guid":{"rendered":"https:\/\/gabriel-meffre.fr\/produit\/cotes-du-rhone-villages-2017\/"},"modified":"2023-05-11T10:09:03","modified_gmt":"2023-05-11T08:09:03","slug":"cotes-du-rhone-villages-2017","status":"publish","type":"product","link":"https:\/\/gabriel-meffre.fr\/en\/product\/cotes-du-rhone-villages-2017\/","title":{"rendered":"C\u00f4tes du Rh\u00f4ne Villages <span class='vintage the_title'>2017<\/span>"},"content":{"rendered":"","protected":false},"excerpt":{"rendered":"","protected":false},"featured_media":0,"template":"","meta":{"_acf_changed":false},"product_brand":[],"product_cat":[238],"product_tag":[],"class_list":{"0":"post-993276","1":"product","2":"type-product","3":"status-publish","5":"product_cat-gabriel-meffre-en","7":"first","8":"instock","9":"purchasable","10":"product-type-simple"},"bundled_by":[],"bundle_stock_status":"instock","bundle_stock_quantity":null,"bundle_virtual":false,"bundle_layout":"","bundle_add_to_cart_form_location":"","bundle_editable_in_cart":false,"bundle_sold_individually_context":"","bundle_item_grouping":"","bundle_min_size":"","bundle_max_size":"","bundle_price":[],"bundled_items":[],"bundle_sell_ids":[],"group_of_quantity":0,"min_quantity":0,"max_quantity":"","exclude_order_quantity_value_rules":"no","exclude_category_quantity_rules":"no","combine_variations":"no","acf":[],"yoast_head":"<!-- This site is optimized with the Yoast SEO plugin v27.2 - https:\/\/yoast.com\/product\/yoast-seo-wordpress\/ -->\n<title>C\u00f4tes du Rh\u00f4ne Villages Red 2017 - Gabriel Meffre<\/title>\n<meta name=\"description\" content=\"Achetez en ligne notre C\u00f4tes du Rh\u00f4ne Villages Red 2017 Gabriel Meffre. Gabriel Meffre, \u00e0 Gigondas au coeur de la Vall\u00e9e du Rh\u00f4ne depuis 1936.\" \/>\n<meta name=\"robots\" content=\"index, follow, max-snippet:-1, max-image-preview:large, max-video-preview:-1\" \/>\n<link rel=\"canonical\" href=\"https:\/\/gabriel-meffre.fr\/en\/product\/cotes-du-rhone-villages-2017\/\" \/>\n<meta property=\"og:locale\" content=\"en_US\" \/>\n<meta property=\"og:type\" content=\"article\" \/>\n<meta property=\"og:title\" content=\"C\u00f4tes du Rh\u00f4ne Villages Red 2017 - Gabriel Meffre\" \/>\n<meta property=\"og:description\" content=\"Achetez en ligne notre C\u00f4tes du Rh\u00f4ne Villages Red 2017 Gabriel Meffre. Gabriel Meffre, \u00e0 Gigondas au coeur de la Vall\u00e9e du Rh\u00f4ne depuis 1936.\" \/>\n<meta property=\"og:url\" content=\"https:\/\/gabriel-meffre.fr\/en\/product\/cotes-du-rhone-villages-2017\/\" \/>\n<meta property=\"og:site_name\" content=\"Gabriel Meffre\" \/>\n<meta property=\"article:publisher\" content=\"https:\/\/www.facebook.com\/gabrielmeffre.gigondas\" \/>\n<meta property=\"article:modified_time\" content=\"2023-05-11T08:09:03+00:00\" \/>\n<meta name=\"twitter:card\" content=\"summary_large_image\" \/>\n<meta name=\"twitter:site\" content=\"@gabrielmeffre\" \/>\n<script type=\"application\/ld+json\" class=\"yoast-schema-graph\">{\"@context\":\"https:\/\/schema.org\",\"@graph\":[{\"@type\":\"WebPage\",\"@id\":\"https:\/\/gabriel-meffre.fr\/en\/product\/cotes-du-rhone-villages-2017\/\",\"url\":\"https:\/\/gabriel-meffre.fr\/en\/product\/cotes-du-rhone-villages-2017\/\",\"name\":\"C\u00f4tes du Rh\u00f4ne Villages Red 2017 - Gabriel Meffre\",\"isPartOf\":{\"@id\":\"https:\/\/gabriel-meffre.fr\/en\/#website\"},\"datePublished\":\"2023-04-14T08:30:51+00:00\",\"dateModified\":\"2023-05-11T08:09:03+00:00\",\"description\":\"Achetez en ligne notre C\u00f4tes du Rh\u00f4ne Villages Red 2017 Gabriel Meffre. Gabriel Meffre, \u00e0 Gigondas au coeur de la Vall\u00e9e du Rh\u00f4ne depuis 1936.\",\"breadcrumb\":{\"@id\":\"https:\/\/gabriel-meffre.fr\/en\/product\/cotes-du-rhone-villages-2017\/#breadcrumb\"},\"inLanguage\":\"en-US\",\"potentialAction\":[{\"@type\":\"ReadAction\",\"target\":[\"https:\/\/gabriel-meffre.fr\/en\/product\/cotes-du-rhone-villages-2017\/\"]}]},{\"@type\":\"BreadcrumbList\",\"@id\":\"https:\/\/gabriel-meffre.fr\/en\/product\/cotes-du-rhone-villages-2017\/#breadcrumb\",\"itemListElement\":[{\"@type\":\"ListItem\",\"position\":1,\"name\":\"Home\",\"item\":\"https:\/\/gabriel-meffre.fr\/en\/\"},{\"@type\":\"ListItem\",\"position\":2,\"name\":\"All our wines\",\"item\":\"https:\/\/gabriel-meffre.fr\/en\/all-our-wines\/\"},{\"@type\":\"ListItem\",\"position\":3,\"name\":\"C\u00f4tes du Rh\u00f4ne Villages 2017\"}]},{\"@type\":\"WebSite\",\"@id\":\"https:\/\/gabriel-meffre.fr\/en\/#website\",\"url\":\"https:\/\/gabriel-meffre.fr\/en\/\",\"name\":\"Gabriel Meffre\",\"description\":\"\",\"publisher\":{\"@id\":\"https:\/\/gabriel-meffre.fr\/en\/#organization\"},\"potentialAction\":[{\"@type\":\"SearchAction\",\"target\":{\"@type\":\"EntryPoint\",\"urlTemplate\":\"https:\/\/gabriel-meffre.fr\/en\/?s={search_term_string}\"},\"query-input\":{\"@type\":\"PropertyValueSpecification\",\"valueRequired\":true,\"valueName\":\"search_term_string\"}}],\"inLanguage\":\"en-US\"},{\"@type\":\"Organization\",\"@id\":\"https:\/\/gabriel-meffre.fr\/en\/#organization\",\"name\":\"Gabriel Meffre\",\"url\":\"https:\/\/gabriel-meffre.fr\/en\/\",\"logo\":{\"@type\":\"ImageObject\",\"inLanguage\":\"en-US\",\"@id\":\"https:\/\/gabriel-meffre.fr\/en\/#\/schema\/logo\/image\/\",\"url\":\"https:\/\/gabriel-meffre.fr\/wp-content\/uploads\/2021\/12\/logo-gabriel-meffre-noir.png\",\"contentUrl\":\"https:\/\/gabriel-meffre.fr\/wp-content\/uploads\/2021\/12\/logo-gabriel-meffre-noir.png\",\"width\":500,\"height\":500,\"caption\":\"Gabriel Meffre\"},\"image\":{\"@id\":\"https:\/\/gabriel-meffre.fr\/en\/#\/schema\/logo\/image\/\"},\"sameAs\":[\"https:\/\/www.facebook.com\/gabrielmeffre.gigondas\",\"https:\/\/x.com\/gabrielmeffre\",\"https:\/\/www.instagram.com\/gabrielmeffre\",\"https:\/\/www.youtube.com\/channel\/UCk6fvyTy41mZSMV0cdOZSlg\"]}]}<\/script>\n<!-- \/ Yoast SEO plugin. -->","yoast_head_json":{"title":"C\u00f4tes du Rh\u00f4ne Villages Red 2017 - Gabriel Meffre","description":"Achetez en ligne notre C\u00f4tes du Rh\u00f4ne Villages Red 2017 Gabriel Meffre. Gabriel Meffre, \u00e0 Gigondas au coeur de la Vall\u00e9e du Rh\u00f4ne depuis 1936.","robots":{"index":"index","follow":"follow","max-snippet":"max-snippet:-1","max-image-preview":"max-image-preview:large","max-video-preview":"max-video-preview:-1"},"canonical":"https:\/\/gabriel-meffre.fr\/en\/product\/cotes-du-rhone-villages-2017\/","og_locale":"en_US","og_type":"article","og_title":"C\u00f4tes du Rh\u00f4ne Villages Red 2017 - Gabriel Meffre","og_description":"Achetez en ligne notre C\u00f4tes du Rh\u00f4ne Villages Red 2017 Gabriel Meffre. Gabriel Meffre, \u00e0 Gigondas au coeur de la Vall\u00e9e du Rh\u00f4ne depuis 1936.","og_url":"https:\/\/gabriel-meffre.fr\/en\/product\/cotes-du-rhone-villages-2017\/","og_site_name":"Gabriel Meffre","article_publisher":"https:\/\/www.facebook.com\/gabrielmeffre.gigondas","article_modified_time":"2023-05-11T08:09:03+00:00","twitter_card":"summary_large_image","twitter_site":"@gabrielmeffre","schema":{"@context":"https:\/\/schema.org","@graph":[{"@type":"WebPage","@id":"https:\/\/gabriel-meffre.fr\/en\/product\/cotes-du-rhone-villages-2017\/","url":"https:\/\/gabriel-meffre.fr\/en\/product\/cotes-du-rhone-villages-2017\/","name":"C\u00f4tes du Rh\u00f4ne Villages Red 2017 - Gabriel Meffre","isPartOf":{"@id":"https:\/\/gabriel-meffre.fr\/en\/#website"},"datePublished":"2023-04-14T08:30:51+00:00","dateModified":"2023-05-11T08:09:03+00:00","description":"Achetez en ligne notre C\u00f4tes du Rh\u00f4ne Villages Red 2017 Gabriel Meffre. Gabriel Meffre, \u00e0 Gigondas au coeur de la Vall\u00e9e du Rh\u00f4ne depuis 1936.","breadcrumb":{"@id":"https:\/\/gabriel-meffre.fr\/en\/product\/cotes-du-rhone-villages-2017\/#breadcrumb"},"inLanguage":"en-US","potentialAction":[{"@type":"ReadAction","target":["https:\/\/gabriel-meffre.fr\/en\/product\/cotes-du-rhone-villages-2017\/"]}]},{"@type":"BreadcrumbList","@id":"https:\/\/gabriel-meffre.fr\/en\/product\/cotes-du-rhone-villages-2017\/#breadcrumb","itemListElement":[{"@type":"ListItem","position":1,"name":"Home","item":"https:\/\/gabriel-meffre.fr\/en\/"},{"@type":"ListItem","position":2,"name":"All our wines","item":"https:\/\/gabriel-meffre.fr\/en\/all-our-wines\/"},{"@type":"ListItem","position":3,"name":"C\u00f4tes du Rh\u00f4ne Villages 2017"}]},{"@type":"WebSite","@id":"https:\/\/gabriel-meffre.fr\/en\/#website","url":"https:\/\/gabriel-meffre.fr\/en\/","name":"Gabriel Meffre","description":"","publisher":{"@id":"https:\/\/gabriel-meffre.fr\/en\/#organization"},"potentialAction":[{"@type":"SearchAction","target":{"@type":"EntryPoint","urlTemplate":"https:\/\/gabriel-meffre.fr\/en\/?s={search_term_string}"},"query-input":{"@type":"PropertyValueSpecification","valueRequired":true,"valueName":"search_term_string"}}],"inLanguage":"en-US"},{"@type":"Organization","@id":"https:\/\/gabriel-meffre.fr\/en\/#organization","name":"Gabriel Meffre","url":"https:\/\/gabriel-meffre.fr\/en\/","logo":{"@type":"ImageObject","inLanguage":"en-US","@id":"https:\/\/gabriel-meffre.fr\/en\/#\/schema\/logo\/image\/","url":"https:\/\/gabriel-meffre.fr\/wp-content\/uploads\/2021\/12\/logo-gabriel-meffre-noir.png","contentUrl":"https:\/\/gabriel-meffre.fr\/wp-content\/uploads\/2021\/12\/logo-gabriel-meffre-noir.png","width":500,"height":500,"caption":"Gabriel Meffre"},"image":{"@id":"https:\/\/gabriel-meffre.fr\/en\/#\/schema\/logo\/image\/"},"sameAs":["https:\/\/www.facebook.com\/gabrielmeffre.gigondas","https:\/\/x.com\/gabrielmeffre","https:\/\/www.instagram.com\/gabrielmeffre","https:\/\/www.youtube.com\/channel\/UCk6fvyTy41mZSMV0cdOZSlg"]}]}},"_links":{"self":[{"href":"https:\/\/gabriel-meffre.fr\/en\/wp-json\/wp\/v2\/product\/993276","targetHints":{"allow":["GET"]}}],"collection":[{"href":"https:\/\/gabriel-meffre.fr\/en\/wp-json\/wp\/v2\/product"}],"about":[{"href":"https:\/\/gabriel-meffre.fr\/en\/wp-json\/wp\/v2\/types\/product"}],"version-history":[{"count":1,"href":"https:\/\/gabriel-meffre.fr\/en\/wp-json\/wp\/v2\/product\/993276\/revisions"}],"predecessor-version":[{"id":993277,"href":"https:\/\/gabriel-meffre.fr\/en\/wp-json\/wp\/v2\/product\/993276\/revisions\/993277"}],"wp:attachment":[{"href":"https:\/\/gabriel-meffre.fr\/en\/wp-json\/wp\/v2\/media?parent=993276"}],"wp:term":[{"taxonomy":"product_brand","embeddable":true,"href":"https:\/\/gabriel-meffre.fr\/en\/wp-json\/wp\/v2\/product_brand?post=993276"},{"taxonomy":"product_cat","embeddable":true,"href":"https:\/\/gabriel-meffre.fr\/en\/wp-json\/wp\/v2\/product_cat?post=993276"},{"taxonomy":"product_tag","embeddable":true,"href":"https:\/\/gabriel-meffre.fr\/en\/wp-json\/wp\/v2\/product_tag?post=993276"}],"curies":[{"name":"wp","href":"https:\/\/api.w.org\/{rel}","templated":true}]}}