{"id":997290,"date":"2023-09-04T14:36:43","date_gmt":"2023-09-04T12:36:43","guid":{"rendered":"https:\/\/gabriel-meffre.fr\/?post_type=product&#038;p=997290"},"modified":"2024-08-29T10:48:25","modified_gmt":"2024-08-29T08:48:25","slug":"domaine-de-longue-toque-vin-de-france-roque-n-toque-2022","status":"publish","type":"product","link":"https:\/\/gabriel-meffre.fr\/en\/product\/domaine-de-longue-toque-vin-de-france-roque-n-toque-2022\/","title":{"rendered":"Vin de France Organic wine Roques &#8216;N&#8217; Toque <span class='vintage the_title'>2022<\/span>"},"content":{"rendered":"","protected":false},"excerpt":{"rendered":"","protected":false},"featured_media":999887,"template":"","meta":{"_acf_changed":false},"product_brand":[],"product_cat":[236],"product_tag":[],"class_list":{"0":"post-997290","1":"product","2":"type-product","3":"status-publish","4":"has-post-thumbnail","6":"product_cat-domaine-de-longue-toque-en","8":"first","9":"instock","10":"purchasable","11":"product-type-simple"},"bundled_by":[],"bundle_stock_status":"instock","bundle_stock_quantity":null,"bundle_virtual":false,"bundle_layout":"","bundle_add_to_cart_form_location":"","bundle_editable_in_cart":false,"bundle_sold_individually_context":"","bundle_item_grouping":"","bundle_min_size":"","bundle_max_size":"","bundle_price":[],"bundled_items":[],"bundle_sell_ids":[],"group_of_quantity":6,"min_quantity":0,"max_quantity":"","exclude_order_quantity_value_rules":"no","exclude_category_quantity_rules":"no","combine_variations":"no","acf":[],"yoast_head":"<!-- This site is optimized with the Yoast SEO plugin v27.2 - https:\/\/yoast.com\/product\/yoast-seo-wordpress\/ -->\n<title>Vin de France Organic wine Roques &#039;N&#039; Toque Red 2022 - Domaine de Longue Toque<\/title>\n<meta name=\"description\" content=\"Achetez en ligne notre Vin de France Organic wine Roques &#039;N&#039; Toque Red 2022 Domaine de Longue Toque. Gabriel Meffre, \u00e0 Gigondas au coeur de la Vall\u00e9e du Rh\u00f4ne depuis 1936.\" \/>\n<meta name=\"robots\" content=\"index, follow, max-snippet:-1, max-image-preview:large, max-video-preview:-1\" \/>\n<link rel=\"canonical\" href=\"https:\/\/gabriel-meffre.fr\/en\/product\/domaine-de-longue-toque-vin-de-france-roque-n-toque-2022\/\" \/>\n<meta property=\"og:locale\" content=\"en_US\" \/>\n<meta property=\"og:type\" content=\"article\" \/>\n<meta property=\"og:title\" content=\"Vin de France Organic wine Roques &#039;N&#039; Toque Red 2022 - Domaine de Longue Toque\" \/>\n<meta property=\"og:description\" content=\"Achetez en ligne notre Vin de France Organic wine Roques &#039;N&#039; Toque Red 2022 Domaine de Longue Toque. Gabriel Meffre, \u00e0 Gigondas au coeur de la Vall\u00e9e du Rh\u00f4ne depuis 1936.\" \/>\n<meta property=\"og:url\" content=\"https:\/\/gabriel-meffre.fr\/en\/product\/domaine-de-longue-toque-vin-de-france-roque-n-toque-2022\/\" \/>\n<meta property=\"og:site_name\" content=\"Gabriel Meffre\" \/>\n<meta property=\"article:publisher\" content=\"https:\/\/www.facebook.com\/gabrielmeffre.gigondas\" \/>\n<meta property=\"article:modified_time\" content=\"2024-08-29T08:48:25+00:00\" \/>\n<meta property=\"og:image\" content=\"https:\/\/gabriel-meffre.fr\/wp-content\/uploads\/2023\/09\/RoquesNToque_bouteille_Bio_2022_BD-1000x1000-1.png\" \/>\n\t<meta property=\"og:image:width\" content=\"1000\" \/>\n\t<meta property=\"og:image:height\" content=\"1000\" \/>\n\t<meta property=\"og:image:type\" content=\"image\/png\" \/>\n<meta name=\"twitter:card\" content=\"summary_large_image\" \/>\n<meta name=\"twitter:site\" content=\"@gabrielmeffre\" \/>\n<meta name=\"twitter:label1\" content=\"Est. reading time\" \/>\n\t<meta name=\"twitter:data1\" content=\"1 minute\" \/>\n<script type=\"application\/ld+json\" class=\"yoast-schema-graph\">{\"@context\":\"https:\/\/schema.org\",\"@graph\":[{\"@type\":\"WebPage\",\"@id\":\"https:\/\/gabriel-meffre.fr\/en\/product\/domaine-de-longue-toque-vin-de-france-roque-n-toque-2022\/\",\"url\":\"https:\/\/gabriel-meffre.fr\/en\/product\/domaine-de-longue-toque-vin-de-france-roque-n-toque-2022\/\",\"name\":\"Vin de France Organic wine Roques 'N' Toque Red 2022 - Domaine de Longue Toque\",\"isPartOf\":{\"@id\":\"https:\/\/gabriel-meffre.fr\/en\/#website\"},\"primaryImageOfPage\":{\"@id\":\"https:\/\/gabriel-meffre.fr\/en\/product\/domaine-de-longue-toque-vin-de-france-roque-n-toque-2022\/#primaryimage\"},\"image\":{\"@id\":\"https:\/\/gabriel-meffre.fr\/en\/product\/domaine-de-longue-toque-vin-de-france-roque-n-toque-2022\/#primaryimage\"},\"thumbnailUrl\":\"https:\/\/gabriel-meffre.fr\/wp-content\/uploads\/2023\/09\/RoquesNToque_bouteille_Bio_2022_BD-1000x1000-1.png\",\"datePublished\":\"2023-09-04T12:36:43+00:00\",\"dateModified\":\"2024-08-29T08:48:25+00:00\",\"description\":\"Achetez en ligne notre Vin de France Organic wine Roques 'N' Toque Red 2022 Domaine de Longue Toque. Gabriel Meffre, \u00e0 Gigondas au coeur de la Vall\u00e9e du Rh\u00f4ne depuis 1936.\",\"breadcrumb\":{\"@id\":\"https:\/\/gabriel-meffre.fr\/en\/product\/domaine-de-longue-toque-vin-de-france-roque-n-toque-2022\/#breadcrumb\"},\"inLanguage\":\"en-US\",\"potentialAction\":[{\"@type\":\"ReadAction\",\"target\":[\"https:\/\/gabriel-meffre.fr\/en\/product\/domaine-de-longue-toque-vin-de-france-roque-n-toque-2022\/\"]}]},{\"@type\":\"ImageObject\",\"inLanguage\":\"en-US\",\"@id\":\"https:\/\/gabriel-meffre.fr\/en\/product\/domaine-de-longue-toque-vin-de-france-roque-n-toque-2022\/#primaryimage\",\"url\":\"https:\/\/gabriel-meffre.fr\/wp-content\/uploads\/2023\/09\/RoquesNToque_bouteille_Bio_2022_BD-1000x1000-1.png\",\"contentUrl\":\"https:\/\/gabriel-meffre.fr\/wp-content\/uploads\/2023\/09\/RoquesNToque_bouteille_Bio_2022_BD-1000x1000-1.png\",\"width\":1000,\"height\":1000},{\"@type\":\"BreadcrumbList\",\"@id\":\"https:\/\/gabriel-meffre.fr\/en\/product\/domaine-de-longue-toque-vin-de-france-roque-n-toque-2022\/#breadcrumb\",\"itemListElement\":[{\"@type\":\"ListItem\",\"position\":1,\"name\":\"Home\",\"item\":\"https:\/\/gabriel-meffre.fr\/en\/\"},{\"@type\":\"ListItem\",\"position\":2,\"name\":\"All our wines\",\"item\":\"https:\/\/gabriel-meffre.fr\/en\/all-our-wines\/\"},{\"@type\":\"ListItem\",\"position\":3,\"name\":\"Vin de France Organic wine Roques &#8216;N&#8217; Toque 2022\"}]},{\"@type\":\"WebSite\",\"@id\":\"https:\/\/gabriel-meffre.fr\/en\/#website\",\"url\":\"https:\/\/gabriel-meffre.fr\/en\/\",\"name\":\"Gabriel Meffre\",\"description\":\"\",\"publisher\":{\"@id\":\"https:\/\/gabriel-meffre.fr\/en\/#organization\"},\"potentialAction\":[{\"@type\":\"SearchAction\",\"target\":{\"@type\":\"EntryPoint\",\"urlTemplate\":\"https:\/\/gabriel-meffre.fr\/en\/?s={search_term_string}\"},\"query-input\":{\"@type\":\"PropertyValueSpecification\",\"valueRequired\":true,\"valueName\":\"search_term_string\"}}],\"inLanguage\":\"en-US\"},{\"@type\":\"Organization\",\"@id\":\"https:\/\/gabriel-meffre.fr\/en\/#organization\",\"name\":\"Gabriel Meffre\",\"url\":\"https:\/\/gabriel-meffre.fr\/en\/\",\"logo\":{\"@type\":\"ImageObject\",\"inLanguage\":\"en-US\",\"@id\":\"https:\/\/gabriel-meffre.fr\/en\/#\/schema\/logo\/image\/\",\"url\":\"https:\/\/gabriel-meffre.fr\/wp-content\/uploads\/2021\/12\/logo-gabriel-meffre-noir.png\",\"contentUrl\":\"https:\/\/gabriel-meffre.fr\/wp-content\/uploads\/2021\/12\/logo-gabriel-meffre-noir.png\",\"width\":500,\"height\":500,\"caption\":\"Gabriel Meffre\"},\"image\":{\"@id\":\"https:\/\/gabriel-meffre.fr\/en\/#\/schema\/logo\/image\/\"},\"sameAs\":[\"https:\/\/www.facebook.com\/gabrielmeffre.gigondas\",\"https:\/\/x.com\/gabrielmeffre\",\"https:\/\/www.instagram.com\/gabrielmeffre\",\"https:\/\/www.youtube.com\/channel\/UCk6fvyTy41mZSMV0cdOZSlg\"]}]}<\/script>\n<!-- \/ Yoast SEO plugin. -->","yoast_head_json":{"title":"Vin de France Organic wine Roques 'N' Toque Red 2022 - Domaine de Longue Toque","description":"Achetez en ligne notre Vin de France Organic wine Roques 'N' Toque Red 2022 Domaine de Longue Toque. Gabriel Meffre, \u00e0 Gigondas au coeur de la Vall\u00e9e du Rh\u00f4ne depuis 1936.","robots":{"index":"index","follow":"follow","max-snippet":"max-snippet:-1","max-image-preview":"max-image-preview:large","max-video-preview":"max-video-preview:-1"},"canonical":"https:\/\/gabriel-meffre.fr\/en\/product\/domaine-de-longue-toque-vin-de-france-roque-n-toque-2022\/","og_locale":"en_US","og_type":"article","og_title":"Vin de France Organic wine Roques 'N' Toque Red 2022 - Domaine de Longue Toque","og_description":"Achetez en ligne notre Vin de France Organic wine Roques 'N' Toque Red 2022 Domaine de Longue Toque. Gabriel Meffre, \u00e0 Gigondas au coeur de la Vall\u00e9e du Rh\u00f4ne depuis 1936.","og_url":"https:\/\/gabriel-meffre.fr\/en\/product\/domaine-de-longue-toque-vin-de-france-roque-n-toque-2022\/","og_site_name":"Gabriel Meffre","article_publisher":"https:\/\/www.facebook.com\/gabrielmeffre.gigondas","article_modified_time":"2024-08-29T08:48:25+00:00","og_image":[{"width":1000,"height":1000,"url":"https:\/\/gabriel-meffre.fr\/wp-content\/uploads\/2023\/09\/RoquesNToque_bouteille_Bio_2022_BD-1000x1000-1.png","type":"image\/png"}],"twitter_card":"summary_large_image","twitter_site":"@gabrielmeffre","twitter_misc":{"Est. reading time":"1 minute"},"schema":{"@context":"https:\/\/schema.org","@graph":[{"@type":"WebPage","@id":"https:\/\/gabriel-meffre.fr\/en\/product\/domaine-de-longue-toque-vin-de-france-roque-n-toque-2022\/","url":"https:\/\/gabriel-meffre.fr\/en\/product\/domaine-de-longue-toque-vin-de-france-roque-n-toque-2022\/","name":"Vin de France Organic wine Roques 'N' Toque Red 2022 - Domaine de Longue Toque","isPartOf":{"@id":"https:\/\/gabriel-meffre.fr\/en\/#website"},"primaryImageOfPage":{"@id":"https:\/\/gabriel-meffre.fr\/en\/product\/domaine-de-longue-toque-vin-de-france-roque-n-toque-2022\/#primaryimage"},"image":{"@id":"https:\/\/gabriel-meffre.fr\/en\/product\/domaine-de-longue-toque-vin-de-france-roque-n-toque-2022\/#primaryimage"},"thumbnailUrl":"https:\/\/gabriel-meffre.fr\/wp-content\/uploads\/2023\/09\/RoquesNToque_bouteille_Bio_2022_BD-1000x1000-1.png","datePublished":"2023-09-04T12:36:43+00:00","dateModified":"2024-08-29T08:48:25+00:00","description":"Achetez en ligne notre Vin de France Organic wine Roques 'N' Toque Red 2022 Domaine de Longue Toque. Gabriel Meffre, \u00e0 Gigondas au coeur de la Vall\u00e9e du Rh\u00f4ne depuis 1936.","breadcrumb":{"@id":"https:\/\/gabriel-meffre.fr\/en\/product\/domaine-de-longue-toque-vin-de-france-roque-n-toque-2022\/#breadcrumb"},"inLanguage":"en-US","potentialAction":[{"@type":"ReadAction","target":["https:\/\/gabriel-meffre.fr\/en\/product\/domaine-de-longue-toque-vin-de-france-roque-n-toque-2022\/"]}]},{"@type":"ImageObject","inLanguage":"en-US","@id":"https:\/\/gabriel-meffre.fr\/en\/product\/domaine-de-longue-toque-vin-de-france-roque-n-toque-2022\/#primaryimage","url":"https:\/\/gabriel-meffre.fr\/wp-content\/uploads\/2023\/09\/RoquesNToque_bouteille_Bio_2022_BD-1000x1000-1.png","contentUrl":"https:\/\/gabriel-meffre.fr\/wp-content\/uploads\/2023\/09\/RoquesNToque_bouteille_Bio_2022_BD-1000x1000-1.png","width":1000,"height":1000},{"@type":"BreadcrumbList","@id":"https:\/\/gabriel-meffre.fr\/en\/product\/domaine-de-longue-toque-vin-de-france-roque-n-toque-2022\/#breadcrumb","itemListElement":[{"@type":"ListItem","position":1,"name":"Home","item":"https:\/\/gabriel-meffre.fr\/en\/"},{"@type":"ListItem","position":2,"name":"All our wines","item":"https:\/\/gabriel-meffre.fr\/en\/all-our-wines\/"},{"@type":"ListItem","position":3,"name":"Vin de France Organic wine Roques &#8216;N&#8217; Toque 2022"}]},{"@type":"WebSite","@id":"https:\/\/gabriel-meffre.fr\/en\/#website","url":"https:\/\/gabriel-meffre.fr\/en\/","name":"Gabriel Meffre","description":"","publisher":{"@id":"https:\/\/gabriel-meffre.fr\/en\/#organization"},"potentialAction":[{"@type":"SearchAction","target":{"@type":"EntryPoint","urlTemplate":"https:\/\/gabriel-meffre.fr\/en\/?s={search_term_string}"},"query-input":{"@type":"PropertyValueSpecification","valueRequired":true,"valueName":"search_term_string"}}],"inLanguage":"en-US"},{"@type":"Organization","@id":"https:\/\/gabriel-meffre.fr\/en\/#organization","name":"Gabriel Meffre","url":"https:\/\/gabriel-meffre.fr\/en\/","logo":{"@type":"ImageObject","inLanguage":"en-US","@id":"https:\/\/gabriel-meffre.fr\/en\/#\/schema\/logo\/image\/","url":"https:\/\/gabriel-meffre.fr\/wp-content\/uploads\/2021\/12\/logo-gabriel-meffre-noir.png","contentUrl":"https:\/\/gabriel-meffre.fr\/wp-content\/uploads\/2021\/12\/logo-gabriel-meffre-noir.png","width":500,"height":500,"caption":"Gabriel Meffre"},"image":{"@id":"https:\/\/gabriel-meffre.fr\/en\/#\/schema\/logo\/image\/"},"sameAs":["https:\/\/www.facebook.com\/gabrielmeffre.gigondas","https:\/\/x.com\/gabrielmeffre","https:\/\/www.instagram.com\/gabrielmeffre","https:\/\/www.youtube.com\/channel\/UCk6fvyTy41mZSMV0cdOZSlg"]}]}},"_links":{"self":[{"href":"https:\/\/gabriel-meffre.fr\/en\/wp-json\/wp\/v2\/product\/997290","targetHints":{"allow":["GET"]}}],"collection":[{"href":"https:\/\/gabriel-meffre.fr\/en\/wp-json\/wp\/v2\/product"}],"about":[{"href":"https:\/\/gabriel-meffre.fr\/en\/wp-json\/wp\/v2\/types\/product"}],"version-history":[{"count":10,"href":"https:\/\/gabriel-meffre.fr\/en\/wp-json\/wp\/v2\/product\/997290\/revisions"}],"predecessor-version":[{"id":999331,"href":"https:\/\/gabriel-meffre.fr\/en\/wp-json\/wp\/v2\/product\/997290\/revisions\/999331"}],"wp:featuredmedia":[{"embeddable":true,"href":"https:\/\/gabriel-meffre.fr\/en\/wp-json\/wp\/v2\/media\/999887"}],"wp:attachment":[{"href":"https:\/\/gabriel-meffre.fr\/en\/wp-json\/wp\/v2\/media?parent=997290"}],"wp:term":[{"taxonomy":"product_brand","embeddable":true,"href":"https:\/\/gabriel-meffre.fr\/en\/wp-json\/wp\/v2\/product_brand?post=997290"},{"taxonomy":"product_cat","embeddable":true,"href":"https:\/\/gabriel-meffre.fr\/en\/wp-json\/wp\/v2\/product_cat?post=997290"},{"taxonomy":"product_tag","embeddable":true,"href":"https:\/\/gabriel-meffre.fr\/en\/wp-json\/wp\/v2\/product_tag?post=997290"}],"curies":[{"name":"wp","href":"https:\/\/api.w.org\/{rel}","templated":true}]}}